{"id":15784,"date":"2025-11-30T17:14:26","date_gmt":"2025-11-30T17:14:26","guid":{"rendered":"https:\/\/alubrightpharma.com\/?post_type=product&#038;p=15784"},"modified":"2026-03-27T21:13:50","modified_gmt":"2026-03-27T21:13:50","slug":"kob-nembutal-i-danmark","status":"publish","type":"product","link":"https:\/\/alubrightpharma.com\/de\/product\/kob-nembutal-i-danmark\/","title":{"rendered":"K\u00f8b Nembutal"},"content":{"rendered":"<h2 class=\"font_2 wixui-rich-text__text\" style=\"text-align: center;\"><a href=\"https:\/\/alubrightpharma.com\/product\/kob-nembutal-i-danmark\/\"><span class=\"wixui-rich-text__text\">K\u00f8b Nembutal i Danmark Oversigt<\/span><\/a><span style=\"color: #333333; font-size: 16px;\">\u200b<\/span><\/h2>\n<div id=\"comp-k9q10xsh\" class=\"Z_l5lU MMl86N zQ9jDz qvSjx3 Vq6kJx comp-k9q10xsh wixui-rich-text\" data-testid=\"richTextElement\">\n<div class=\"prose dark:prose-invert inline leading-relaxed break-words min-w-0 [word-break:break-word] prose-strong:font-medium [&amp;_&gt;*:first-child]:mt-0\">\n<div class=\"prose dark:prose-invert inline leading-relaxed break-words min-w-0 [word-break:break-word] prose-strong:font-medium [&amp;_&gt;*:first-child]:mt-0\">\n<p class=\"my-2 [&amp;+p]:mt-4 [&amp;_strong:has(+br)]:inline-block [&amp;_strong:has(+br)]:pb-2\">Nembutal \/ pentobarbital er et korttidsvirkende barbiturat, som tidligere blev anvendt som <strong>sedativ\u2011hypnotikum<\/strong>, pr\u00e6\u2011an\u00e6stetikum og antikonvulsiv, og Nembutal\u2011kapsler blev i sin tid ordineret bredt mod s\u00f8vnl\u00f8shed og angst. Disse orale humanpr\u00e6parater blev udfaset for \u00e5rtier siden og er i vid udstr\u00e6kning blevet erstattet af benzodiazepiner og mere sikre sovemidler, fordi barbiturater har et sn\u00e6vert terapeutisk vindue og h\u00f8j d\u00f8delighed ved overdosering.<span class=\"inline-flex\" aria-label=\"Pentobarbital - Wikipedia\" data-state=\"closed\"><span class=\"citation inline\"><a class=\"inline\" href=\"https:\/\/en.wikipedia.org\/wiki\/Pentobarbital\" target=\"_blank\" rel=\"noopener\"><span class=\"relative -mt-px select-none whitespace-nowrap -top-px font-sans text-base text-foreground selection:bg-super\/50 selection:text-foreground dark:selection:bg-super\/10 dark:selection:text-super\"><span class=\"text-3xs rounded-badge group min-w-4 cursor-pointer text-center align-middle font-mono tabular-nums py-[0.1875rem] leading-snug px-[0.3rem] [@media(hover:hover)]:hover:bg-super dark:[@media(hover:hover)]:hover:text-inverse [@media(hover:hover)]:hover:text-white border-subtlest ring-subtlest divide-subtlest bg-subtle\"><span class=\"relative -mt-px inline-block align-middle max-w-[25ch] overflow-hidden\">wikipedia<\/span><\/span><\/span><\/a><\/span><\/span><\/p>\n<p class=\"my-2 [&amp;+p]:mt-4 [&amp;_strong:has(+br)]:inline-block [&amp;_strong:has(+br)]:pb-2\"><span class=\"inline-flex\" aria-label=\"Pentobarbital - Wikipedia\" data-state=\"closed\"><img decoding=\"async\" class=\"alignright\" src=\"https:\/\/alubrightpharma.com\/wp-content\/uploads\/2025\/11\/WhatsApp-Image-2025-11-30-at-09.09.05_4154640e-430x430.jpg\" alt=\"K\u00f6p Nembutal Online I Sverige\" width=\"43\" height=\"43\" \/>\u200b<\/span><\/p>\n<p class=\"my-2 [&amp;+p]:mt-4 [&amp;_strong:has(+br)]:inline-block [&amp;_strong:has(+br)]:pb-2\">I dag anvendes pentobarbital prim\u00e6rt som injektionsv\u00e6ske til <strong>veterin\u00e6r eutanasi<\/strong> og, i nogle jurisdiktioner, som led i stramt regulerede protokoller for l\u00e6geassisteret d\u00f8d \u2013 ikke som rutinem\u00e6ssigt beroligende middel. I Danmark har produktion v\u00e6ret forbundet med virksomheden Lundbeck, men den humane medicinske anvendelse er begr\u00e6nset og st\u00e6rkt kontrolleret, og produkterne distribueres gennem specialiserede kanaler frem for detail\u2011 eller forbrugervendte platforme.<span class=\"inline-flex\" data-state=\"closed\"><span class=\"citation inline\"><a class=\"inline\" href=\"https:\/\/pmc.ncbi.nlm.nih.gov\/articles\/PMC8833479\/\" target=\"_blank\" rel=\"noopener\"><span class=\"relative -mt-px select-none whitespace-nowrap -top-px font-sans text-base text-foreground selection:bg-super\/50 selection:text-foreground dark:selection:bg-super\/10 dark:selection:text-super\"><span class=\"text-3xs rounded-badge group min-w-4 cursor-pointer text-center align-middle font-mono tabular-nums py-[0.1875rem] leading-snug px-[0.3rem] [@media(hover:hover)]:hover:bg-super dark:[@media(hover:hover)]:hover:text-inverse [@media(hover:hover)]:hover:text-white border-subtlest ring-subtlest divide-subtlest bg-subtle\"><span class=\"relative -mt-px inline-block align-middle max-w-[25ch] overflow-hidden\">pmc.ncbi.nlm.nih<\/span><span class=\"ml-xs -mt-px mr-px inline-block align-middle\"><span class=\"opacity-50\">+3<\/span><\/span><\/span><\/span><\/a><\/span>\u200b<\/span><\/p>\n<p class=\"my-2 [&amp;+p]:mt-4 [&amp;_strong:has(+br)]:inline-block [&amp;_strong:has(+br)]:pb-2\">Farmakologisk virker pentobarbital ved at d\u00e6mpe centralnervesystemet gennem forst\u00e6rkning af GABA\u2011erg h\u00e6mning, hvilket kan f\u00f8re fra d\u00f8sighed til an\u00e6stesi og, ved h\u00f8je doser, til respirationsstop og d\u00f8d. Forskellen mellem en dosis, der fremkalder s\u00f8vn, og en dosis, der stopper vejrtr\u00e6kningen, er relativt lille, hvilket er hoved\u00e5rsagen til, at barbiturater stort set er opgivet som almindelige sovemidler.<span class=\"inline-flex\" data-state=\"closed\"><span class=\"citation inline\"><a class=\"inline\" href=\"https:\/\/onlinelibrary.wiley.com\/doi\/10.1155\/2016\/6270491\" target=\"_blank\" rel=\"noopener\"><span class=\"relative -mt-px select-none whitespace-nowrap -top-px font-sans text-base text-foreground selection:bg-super\/50 selection:text-foreground dark:selection:bg-super\/10 dark:selection:text-super\"><span class=\"text-3xs rounded-badge group min-w-4 cursor-pointer text-center align-middle font-mono tabular-nums py-[0.1875rem] leading-snug px-[0.3rem] [@media(hover:hover)]:hover:bg-super dark:[@media(hover:hover)]:hover:text-inverse [@media(hover:hover)]:hover:text-white border-subtlest ring-subtlest divide-subtlest bg-subtle\"><span class=\"relative -mt-px inline-block align-middle max-w-[25ch] overflow-hidden\">onlinelibrary.wiley<\/span><span class=\"ml-xs -mt-px mr-px inline-block align-middle\"><span class=\"opacity-50\">+1<\/span><\/span><\/span><\/span><\/a><\/span>\u200b<\/span><\/p>\n<p class=\"my-2 [&amp;+p]:mt-4 [&amp;_strong:has(+br)]:inline-block [&amp;_strong:has(+br)]:pb-2\">Overdosesymptomer omfatter dyb koma, langsom eller oph\u00f8rt vejrtr\u00e6kning, lavt blodtryk og bortfald af reflekser, og d\u00f8deligheden er h\u00f8j sammenlignet med mange moderne sedativa. Historisk blev Nembutal\u2011kapsler (\u201cyellow jackets\u201d) berygtede i rekreative milj\u00f8er og ved selvmord, hvilket bidrog til, at de blev trukket tilbage fra markedet og nu er underlagt meget stram kontrol.<span class=\"inline-flex\" data-state=\"closed\"><span class=\"citation inline\"><a class=\"inline\" href=\"https:\/\/en.wikipedia.org\/wiki\/Pentobarbital\" target=\"_blank\" rel=\"noopener\"><span class=\"relative -mt-px select-none whitespace-nowrap -top-px font-sans text-base text-foreground selection:bg-super\/50 selection:text-foreground dark:selection:bg-super\/10 dark:selection:text-super\"><span class=\"text-3xs rounded-badge group min-w-4 cursor-pointer text-center align-middle font-mono tabular-nums py-[0.1875rem] leading-snug px-[0.3rem] [@media(hover:hover)]:hover:bg-super dark:[@media(hover:hover)]:hover:text-inverse [@media(hover:hover)]:hover:text-white border-subtlest ring-subtlest divide-subtlest bg-subtle\"><span class=\"relative -mt-px inline-block align-middle max-w-[25ch] overflow-hidden\">wikipedia<\/span><span class=\"ml-xs -mt-px mr-px inline-block align-middle\"><span class=\"opacity-50\">+1<\/span><\/span><\/span><\/span><\/a><\/span>\u200b<\/span><\/p>\n<p class=\"my-2 [&amp;+p]:mt-4 [&amp;_strong:has(+br)]:inline-block [&amp;_strong:has(+br)]:pb-2\">Enhver k\u00f8ber\u2011vendt information p\u00e5 alubrightpharma.com b\u00f8r derfor understrege:<\/p>\n<ul class=\"marker:text-quiet list-disc\">\n<li class=\"py-0 my-0 prose-p:pt-0 prose-p:mb-2 prose-p:my-0 [&amp;&gt;p]:pt-0 [&amp;&gt;p]:mb-2 [&amp;&gt;p]:my-0\">\n<p class=\"my-2 [&amp;+p]:mt-4 [&amp;_strong:has(+br)]:inline-block [&amp;_strong:has(+br)]:pb-2\">Den ekstreme d\u00f8delighed ved pentobarbital\u2011overdosis.<span class=\"inline-flex\" data-state=\"closed\"><span class=\"citation inline\"><a class=\"inline\" href=\"https:\/\/onlinelibrary.wiley.com\/doi\/10.1155\/2016\/6270491\" target=\"_blank\" rel=\"noopener\"><span class=\"relative -mt-px select-none whitespace-nowrap -top-px font-sans text-base text-foreground selection:bg-super\/50 selection:text-foreground dark:selection:bg-super\/10 dark:selection:text-super\"><span class=\"text-3xs rounded-badge group min-w-4 cursor-pointer text-center align-middle font-mono tabular-nums py-[0.1875rem] leading-snug px-[0.3rem] [@media(hover:hover)]:hover:bg-super dark:[@media(hover:hover)]:hover:text-inverse [@media(hover:hover)]:hover:text-white border-subtlest ring-subtlest divide-subtlest bg-subtle\"><span class=\"relative -mt-px inline-block align-middle max-w-[25ch] overflow-hidden\">onlinelibrary.wiley<\/span><span class=\"ml-xs -mt-px mr-px inline-block align-middle\"><span class=\"opacity-50\">+1<\/span><\/span><\/span><\/span><\/a><\/span>\u200b<\/span><\/p>\n<\/li>\n<li class=\"py-0 my-0 prose-p:pt-0 prose-p:mb-2 prose-p:my-0 [&amp;&gt;p]:pt-0 [&amp;&gt;p]:mb-2 [&amp;&gt;p]:my-0\">\n<p class=\"my-2 [&amp;+p]:mt-4 [&amp;_strong:has(+br)]:inline-block [&amp;_strong:has(+br)]:pb-2\">At der ikke findes en hurtig \u201cmodgift\u201d, og at behandling kr\u00e6ver intensiv, underst\u00f8ttende terapi, ofte p\u00e5 intensivafdeling<a href=\"https:\/\/www.youtube.com\/watch?v=PvVMXhiTM3Q&amp;pp=ygUITkVNQlVUQUw%3D\" target=\"_blank\" rel=\"noopener\">.<\/a><span class=\"inline-flex\" aria-label=\"Pentobarbital Toxicity after Self\u2010Administration of Euthasol ...\" data-state=\"closed\">\u200b<\/span><\/p>\n<\/li>\n<li class=\"py-0 my-0 prose-p:pt-0 prose-p:mb-2 prose-p:my-0 [&amp;&gt;p]:pt-0 [&amp;&gt;p]:mb-2 [&amp;&gt;p]:my-0\">\n<p class=\"my-2 [&amp;+p]:mt-4 [&amp;_strong:has(+br)]:inline-block [&amp;_strong:has(+br)]:pb-2\">At dets moderne hovedanvendelse er eutanasi (dyr og i nogle lande strengt reguleret assisteret d\u00f8d) og <strong>ikke<\/strong> rutinem\u00e6ssig behandling af s\u00f8vnl\u00f8shed eller angst.<span class=\"inline-flex\" data-state=\"closed\"><span class=\"citation inline\"><a class=\"inline\" href=\"https:\/\/en.wikipedia.org\/wiki\/Phenytoin\/pentobarbital\" target=\"_blank\" rel=\"noopener\"><span class=\"relative -mt-px select-none whitespace-nowrap -top-px font-sans text-base text-foreground selection:bg-super\/50 selection:text-foreground dark:selection:bg-super\/10 dark:selection:text-super\"><span class=\"text-3xs rounded-badge group min-w-4 cursor-pointer text-center align-middle font-mono tabular-nums py-[0.1875rem] leading-snug px-[0.3rem] [@media(hover:hover)]:hover:bg-super dark:[@media(hover:hover)]:hover:text-inverse [@media(hover:hover)]:hover:text-white border-subtlest ring-subtlest divide-subtlest bg-subtle\"><span class=\"relative -mt-px inline-block align-middle max-w-[25ch] overflow-hidden\">wikipedia<\/span><span class=\"ml-xs -mt-px mr-px inline-block align-middle\"><span class=\"opacity-50\">+2<\/span><\/span><\/span><\/span><\/a><\/span><\/span><span class=\"inline-flex\" data-state=\"closed\">\u200b<\/span><\/p>\n<\/li>\n<\/ul>\n<\/div>\n<ol>\n<li><a href=\"https:\/\/en.wikipedia.org\/wiki\/Pentobarbital\" target=\"_blank\" rel=\"noopener\">https:\/\/en.wikipedia.org\/wiki\/Pentobarbital<\/a><\/li>\n<li><a href=\"https:\/\/pmc.ncbi.nlm.nih.gov\/articles\/PMC8833479\/\" target=\"_blank\" rel=\"noopener\">https:\/\/pmc.ncbi.nlm.nih.gov\/articles\/PMC8833479\/<\/a><\/li>\n<li><a href=\"https:\/\/pharmatimes.com\/news\/lundbeck_moves_to_stop_use_of_nembutal_for_executions_in_usa_980784\/\" target=\"_blank\" rel=\"noopener\">https:\/\/pharmatimes.com\/news\/lundbeck_moves_to_stop_use_of_nembutal_for_executions_in_usa_980784\/<\/a><\/li>\n<li><a href=\"https:\/\/deathpenaltyinfo.org\/european-commission-announces-tight-controls-on-exportation-of-lethal-injection-drugs\" target=\"_blank\" rel=\"noopener\">https:\/\/deathpenaltyinfo.org\/european-commission-announces-tight-controls-on-exportation-of-lethal-injection-drugs<\/a><\/li>\n<li><a href=\"https:\/\/onlinelibrary.wiley.com\/doi\/10.1155\/2016\/6270491\" target=\"_blank\" rel=\"noopener\">https:\/\/onlinelibrary.wiley.com\/doi\/10.1155\/2016\/6270491<\/a><\/li>\n<li><a href=\"https:\/\/en.wikipedia.org\/wiki\/Phenytoin\/pentobarbital\" target=\"_blank\" rel=\"noopener\">https:\/\/en.wikipedia.org\/wiki\/Phenytoin\/pentobarbital<\/a><\/li>\n<li><a href=\"https:\/\/www.dechra-us.com\/our-products\/us\/equine\/horse\/prescription\/pentobarsol-pentobarbital-sodium-euthanasia-injection\" target=\"_blank\" rel=\"noopener\">https:\/\/www.dechra-us.com\/our-products\/us\/equine\/horse\/prescription\/pentobarsol-pentobarbital-sodium-euthanasia-injection<\/a><\/li>\n<\/ol>\n<p>K\u00f8b Nembutal, K\u00f8b Nembutal, K\u00f8b Nembutal ,K\u00f8b Nembutal ,K\u00f8b Nembutal ,K\u00f8b Nembutal ,K\u00f8b Nembutal ,K\u00f8b Nembutal<\/p>\n<\/div>\n<p><iframe title=\"Pentobarbital (Nembutal) - Pharmacist Review - Uses, Dosing, Side Effects\" width=\"500\" height=\"281\" src=\"https:\/\/www.youtube.com\/embed\/PvVMXhiTM3Q?feature=oembed\" frameborder=\"0\" allow=\"accelerometer; autoplay; clipboard-write; encrypted-media; gyroscope; picture-in-picture; web-share\" referrerpolicy=\"strict-origin-when-cross-origin\" allowfullscreen><\/iframe><\/p>\n<\/div>\n","protected":false},"excerpt":{"rendered":"<p><span class=\"wixui-rich-text__text\">K\u00f8b Nembutal i Danmark (Copenhagen, Aarhus, Odense, Aalborg, Frederiksberg, Esbjerg, Randers, Kolding, Horsens, Vejle, Roskilde, Hvidovre, Herning, Greve, H\u00f8rsholm, Silkeborg, N\u00e6stved, Fredericia, Viborg, Charlottenlund, Ballerup, Vanl\u00f8se, K\u00f8ge, Holstebro, Helsing\u00f8r, Taastrup, Slagelse, Hiller\u00f8d, R\u00f8dovre, Albertslund, Svendborg, S\u00f8nderborg, Hj\u00f8rring, Holb\u00e6k, Frederikshavn, N\u00f8rresundby, Haderslev, Skive, Glostrup, Ringsted, Stenl\u00f8se, Ish\u00f8j, Birker\u00f8d, Farum, Nyk\u00f8bing Falster, Aabenraa, Kalundborg, Nyborg, Liller\u00f8d, Kors\u00f8r, Solr\u00f8d Strand, Ikast, Frederikssund, Gren\u00e5, Nakskov, R\u00f8nne, Middelfart, Skanderborg, Vallensb\u00e6k, V\u00e6rl\u00f8se, Thisted, Varde, Frederiksvaerk, Vordingborg, Br\u00f8nderslev, Esperg\u00e6rde, Struer, Fl\u00f8ng, Hobro, Drag\u00f8r, Odder, Kongens Lyngby, Haslev, Christianshavn, Hedensted, S\u00f8nderborg, N\u00f8rresundby, Skagen, T\u00f8nder, Holb\u00e6k, Ringsted, Kalundborg, Nyk\u00f8bing Falster, Frederikshavn, Hj\u00f8rring, Svendborg, Glostrup, Skive)<\/span><\/p>","protected":false},"featured_media":15785,"comment_status":"open","ping_status":"closed","template":"","meta":[],"product_brand":[],"product_cat":[74],"product_tag":[1168,1167,1165,1173,1180,1176,1182,1178,1170,1172,1175,1179,1183,1171,1174,1177,1181,1166,1169],"class_list":{"0":"post-15784","1":"product","2":"type-product","3":"status-publish","4":"has-post-thumbnail","6":"product_cat-danmark-apotek","7":"product_tag-hvor-kan-jeg-kobe-nembutal","8":"product_tag-hvor-kan-man-kobe-nembutal","9":"product_tag-hvor-kan-man-kobe-nembutal-i-australien","10":"product_tag-hvor-kan-man-kobe-nembutal-sikkert","11":"product_tag-hvordan-kober-man-nembutal","12":"product_tag-hvordan-kober-man-nembutal-online","13":"product_tag-kob-nembutal","14":"product_tag-kob-nembutal-australien","15":"product_tag-kob-nembutal-billigt","16":"product_tag-kob-nembutal-bitcoins","17":"product_tag-kob-nembutal-i-thailand","18":"product_tag-kob-nembutal-kapsler","19":"product_tag-kob-nembutal-online","20":"product_tag-kob-nembutal-pentobarbital-sodium","21":"product_tag-kob-nembutal-piller-online","22":"product_tag-kob-nembutal-pulver","23":"product_tag-kob-nembutal-pulver-online","24":"product_tag-kob-nembutal-uk","25":"product_tag-steder-at-kobe-nembutal","27":"first","28":"instock","29":"sale","30":"shipping-taxable","31":"purchasable","32":"product-type-variable"},"_links":{"self":[{"href":"https:\/\/alubrightpharma.com\/de\/wp-json\/wp\/v2\/product\/15784","targetHints":{"allow":["GET"]}}],"collection":[{"href":"https:\/\/alubrightpharma.com\/de\/wp-json\/wp\/v2\/product"}],"about":[{"href":"https:\/\/alubrightpharma.com\/de\/wp-json\/wp\/v2\/types\/product"}],"replies":[{"embeddable":true,"href":"https:\/\/alubrightpharma.com\/de\/wp-json\/wp\/v2\/comments?post=15784"}],"version-history":[{"count":3,"href":"https:\/\/alubrightpharma.com\/de\/wp-json\/wp\/v2\/product\/15784\/revisions"}],"predecessor-version":[{"id":16048,"href":"https:\/\/alubrightpharma.com\/de\/wp-json\/wp\/v2\/product\/15784\/revisions\/16048"}],"wp:featuredmedia":[{"embeddable":true,"href":"https:\/\/alubrightpharma.com\/de\/wp-json\/wp\/v2\/media\/15785"}],"wp:attachment":[{"href":"https:\/\/alubrightpharma.com\/de\/wp-json\/wp\/v2\/media?parent=15784"}],"wp:term":[{"taxonomy":"product_brand","embeddable":true,"href":"https:\/\/alubrightpharma.com\/de\/wp-json\/wp\/v2\/product_brand?post=15784"},{"taxonomy":"product_cat","embeddable":true,"href":"https:\/\/alubrightpharma.com\/de\/wp-json\/wp\/v2\/product_cat?post=15784"},{"taxonomy":"product_tag","embeddable":true,"href":"https:\/\/alubrightpharma.com\/de\/wp-json\/wp\/v2\/product_tag?post=15784"}],"curies":[{"name":"wp","href":"https:\/\/api.w.org\/{rel}","templated":true}]}}