{"id":15848,"date":"2025-12-02T05:43:48","date_gmt":"2025-12-02T05:43:48","guid":{"rendered":"https:\/\/alubrightpharma.com\/?post_type=product&#038;p=15848"},"modified":"2026-04-02T23:45:17","modified_gmt":"2026-04-02T23:45:17","slug":"kjope-adderall-online-norge","status":"publish","type":"product","link":"https:\/\/alubrightpharma.com\/nb\/product\/kjope-adderall-online-norge\/","title":{"rendered":"Kj\u00f8pe Adderall"},"content":{"rendered":"<div id=\"bgLayers_comp-ln2bqgun\" class=\"MW5IWV\" data-hook=\"bgLayers\" data-motion-part=\"BG_LAYER comp-ln2bqgun\">\n<div id=\"bgMedia_comp-ln2bqgun\" class=\"VgO9Yg\" data-motion-part=\"BG_MEDIA comp-ln2bqgun\"><\/div>\n<\/div>\n<div class=\"\" data-mesh-id=\"comp-ln2bqguninlineContent\" data-testid=\"inline-content\">\n<div data-mesh-id=\"comp-ln2bqguninlineContent-gridContainer\" data-testid=\"mesh-container-content\">\n<div id=\"comp-kdo6o8gv\" class=\"comp-kdo6o8gv SPY_vo\" data-motion-enter=\"done\">\n<div class=\"\" data-mesh-id=\"comp-kdo6o8gvinlineContent\" data-testid=\"inline-content\">\n<div data-mesh-id=\"comp-kdo6o8gvinlineContent-gridContainer\" data-testid=\"mesh-container-content\">\n<div id=\"comp-kagursnu\" class=\"Z_l5lU MMl86N zQ9jDz qvSjx3 Vq6kJx comp-kagursnu wixui-rich-text\" data-testid=\"richTextElement\">\n<h2 class=\"font_2 wixui-rich-text__text\" style=\"text-align: center;\"><a href=\"https:\/\/alubrightpharma.com\/product\/kjope-adderall-online-norge\/\"><span class=\"wixui-rich-text__text\">Kj\u00f8pe Adderall Til salgs online i Norge Oversikt<\/span><\/a><\/h2>\n<div class=\"prose dark:prose-invert inline leading-relaxed break-words min-w-0 [word-break:break-word] prose-strong:font-medium [&amp;_&gt;*:first-child]:mt-0\">\n<div class=\"prose dark:prose-invert inline leading-relaxed break-words min-w-0 [word-break:break-word] prose-strong:font-medium [&amp;_&gt;*:first-child]:mt-0\">\n<p class=\"my-2 [&amp;+p]:mt-4 [&amp;_strong:has(+br)]:inline-block [&amp;_strong:has(+br)]:pb-2\">Adderall er et reseptbelagt stimulantmedikament som kombinerer amfetamin- og dextroamfetaminsalter. Det behandler ADHD og narkolepsi ved \u00e5 \u00f8ke hjernekjemikalier som dopamin og noradrenalin<a href=\"https:\/\/youtu.be\/sxgCC4H1dl8\" target=\"_blank\" rel=\"noopener\">.<\/a> Tilgjengelig som umiddelbar-frigj\u00f8rende tabletter eller forlenget-frigj\u00f8rende kapsler, krever det streng medisinsk tilsyn p\u00e5 grunn av misbruksrisiko.<\/p>\n<p><img decoding=\"async\" class=\"alignright\" src=\"https:\/\/alubrightpharma.com\/wp-content\/uploads\/2025\/12\/Adderall_drug_testing-3301610821-300x300.jpg\" alt=\"Kj\u00f8pe Adderall i Norge, Adderall kj\u00f8p Norge, Adderall p\u00e5 nett Norge, Adderall resept Norge, Kj\u00f8p Adderall XR Norge, Adderall tabletter Norge, Adderall 5 mg Norge, Adderall 10 mg Norge, Adderall 20 mg Norge, Adderall apotek Norge, Bestill Adderall Norge, Adderall levering Norge, Adderall lovlig Norge, Adderall for ADHD Norge, Adderall for narkolepsi Norge, Adderall bruk Norge, Adderall bivirkninger Norge, Generisk Adderall Norge, Adderall merkevare Norge, Adderall dosering Norge, Kj\u00f8p Adderall p\u00e5 nett Norge, Adderall regelverk Norge, Adderall narkotikaklasse Norge, Adderall sikkerhet Norge, Adderall avhengighet Norge, Adderall legemiddelinteraksjoner Norge, Adderall helsetjeneste Norge, Adderall forskning Norge, Adderall medisinsk bruk Norge, Adderall nettapotek Norge, Adderall tilgjengelighet Norge, Adderall behandling Norge, Adderall voksen dose Norge, Adderall barne dose Norge, Adderall misbruk Norge, Adderall kontraindikasjoner Norge, Adderall advarsler Norge, Adderall avhengighet Norge, Adderall kj\u00f8psguide Norge, Adderall informasjon Norge, Adderall apotekguide Norge, Kj\u00f8p Adderall lovlig Norge, Adderall sikker kj\u00f8p Norge, Adderall reseptkrav Norge, Adderall forsyning Norge, Adderall lover og regler Norge.\" width=\"50\" height=\"50\" \/><\/p>\n<p class=\"my-2 [&amp;+p]:mt-4 [&amp;_strong:has(+br)]:inline-block [&amp;_strong:has(+br)]:pb-2\"><span class=\"inline-flex\" aria-label=\"Adderall - Wikipedia\" data-state=\"closed\">\u200b<\/span><\/p>\n<h2 id=\"viktige-bruksomrder\" class=\"mb-2 mt-4 font-sans font-semimedium text-base first:mt-0 md:text-lg [hr+&amp;]:mt-4\">Viktige bruksomr\u00e5der<\/h2>\n<p class=\"my-2 [&amp;+p]:mt-4 [&amp;_strong:has(+br)]:inline-block [&amp;_strong:has(+br)]:pb-2\">Helsepersonell forskriver Adderall for oppmerksomhetsunderskudd hyperaktivitetssyndrom (ADHD) hos voksne og barn over 3 \u00e5r, og forbedrer fokus og reduserer impulsivitet. For narkolepsi bekjemper det overdreven d\u00f8gntr\u00f8tthet hos de over 12 \u00e5r. Uautoriserte bruksomr\u00e5der finnes, men mangler bred godkjenning og medf\u00f8rer h\u00f8yere risiko <span class=\"inline-flex\" aria-label=\"Adderall: Side effects, dosage, with alcohol, and more\" data-state=\"closed\">\u200b<\/span><\/p>\n<h2 id=\"hvordan-det-virker\" class=\"mb-2 mt-4 font-sans font-semimedium text-base first:mt-0 md:text-lg [hr+&amp;]:mt-4\">Hvordan det virker<\/h2>\n<p class=\"my-2 [&amp;+p]:mt-4 [&amp;_strong:has(+br)]:inline-block [&amp;_strong:has(+br)]:pb-2\">Adderall stimulerer sentralnervesystemet som et fenetylamin-klasse stoff, blokkerer gjenvinning av nevrotransmittere og fremmer frigj\u00f8ring av dopamin\/noradrenalin<a href=\"https:\/\/youtu.be\/sxgCC4H1dl8\" target=\"_blank\" rel=\"noopener\">.<\/a> Dette forsterker \u00e5rv\u00e5kenhet, kognitiv kontroll og reaksjonstid ved terapeutiske doser. H\u00f8yere doser kan utl\u00f8se eufori, avhengighet eller alvorlige bivirkninger som psykose. <span class=\"inline-flex\" aria-label=\"[PDF] ADDERALL (CII) - accessdata.fda.gov\" data-state=\"closed\">\u200b<\/span><\/p>\n<h2 id=\"former-og-dosering\" class=\"mb-2 mt-4 font-sans font-semimedium text-base first:mt-0 md:text-lg [hr+&amp;]:mt-4\">Former og dosering<\/h2>\n<p class=\"my-2 [&amp;+p]:mt-4 [&amp;_strong:has(+br)]:inline-block [&amp;_strong:has(+br)]:pb-2\">Umiddelbar-frigj\u00f8rende tabletter (5\u201330 mg) virker etter 30\u201360 minutter og varer 4\u20136 timer, dosert 1\u20133 ganger daglig. Adderall XR-kapsler (5\u201330 mg) gir 8\u201312 timers dekning med engangsbruk daglig. Leger tilpasser doser fra lav start, justert etter respons og alder \u2013 typisk 2,5\u20135 mg for sm\u00e5 barn.<\/p>\n<p><img decoding=\"async\" class=\"alignright\" src=\"https:\/\/alubrightpharma.com\/wp-content\/uploads\/2025\/12\/Adderall_drug_testing-3301610821-430x430.jpg\" alt=\"Kj\u00f8p Adderall i Norge, Adderall kj\u00f8p Norge, Adderall p\u00e5 nett Norge, Adderall resept Norge, Kj\u00f8p Adderall XR Norge, Adderall tabletter Norge, Adderall 5 mg Norge, Adderall 10 mg Norge, Adderall 20 mg Norge, Adderall apotek Norge, Bestill Adderall Norge, Adderall levering Norge, Adderall lovlig Norge, Adderall for ADHD Norge, Adderall for narkolepsi Norge, Adderall bruk Norge, Adderall bivirkninger Norge, Generisk Adderall Norge, Adderall merkevare Norge, Adderall dosering Norge, Kj\u00f8p Adderall p\u00e5 nett Norge, Adderall regelverk Norge, Adderall narkotikaklasse Norge, Adderall sikkerhet Norge, Adderall avhengighet Norge, Adderall legemiddelinteraksjoner Norge, Adderall helsetjeneste Norge, Adderall forskning Norge, Adderall medisinsk bruk Norge, Adderall nettapotek Norge, Adderall tilgjengelighet Norge, Adderall behandling Norge, Adderall voksen dose Norge, Adderall barne dose Norge, Adderall misbruk Norge, Adderall kontraindikasjoner Norge, Adderall advarsler Norge, Adderall avhengighet Norge, Adderall kj\u00f8psguide Norge, Adderall informasjon Norge, Adderall apotekguide Norge, Kj\u00f8p Adderall lovlig Norge, Adderall sikker kj\u00f8p Norge, Adderall reseptkrav Norge, Adderall forsyning Norge, Adderall lover og regler Norge.\" width=\"50\" height=\"50\" \/><\/p>\n<h2 id=\"vanlige-bivirkninger\" class=\"mb-2 mt-4 font-sans font-semimedium text-base first:mt-0 md:text-lg [hr+&amp;]:mt-4\">Vanlige bivirkninger<\/h2>\n<p class=\"my-2 [&amp;+p]:mt-4 [&amp;_strong:has(+br)]:inline-block [&amp;_strong:has(+br)]:pb-2\">Brukere opplever ofte redusert appetitt, s\u00f8vnl\u00f8shet, t\u00f8rr munn og nerv\u00f8sitet. Mindre vanlige problemer inkluderer \u00f8kt hjertefrekvens, angst eller vekttap. Langtidsbruk krever overv\u00e5king for veksthemming hos barn eller hjerte-kar-belastning.<span class=\"inline-flex\" aria-label=\"Amphetamine\/Dextroamphetamine (Adderall, Mydayis, and others)\" data-state=\"closed\"><span class=\"citation inline\"><a class=\"inline\" href=\"https:\/\/www.webmd.com\/drugs\/2\/drug-63163\/adderall-oral\/details\" target=\"_blank\" rel=\"noopener\"><span class=\"relative -mt-px select-none whitespace-nowrap -top-px font-sans text-base text-foreground selection:bg-super\/50 selection:text-foreground dark:selection:bg-super\/10 dark:selection:text-super\"><span class=\"text-3xs rounded-badge group min-w-4 cursor-pointer text-center align-middle font-mono tabular-nums py-[0.1875rem] leading-snug px-[0.3rem] [@media(hover:hover)]:hover:bg-subtler border-subtlest ring-subtlest divide-subtlest bg-subtle\"><span class=\"relative -mt-px inline-block align-middle max-w-[25ch] overflow-hidden\">webmd<\/span><\/span><\/span><\/a><\/span>\u200b<\/span><\/p>\n<\/div>\n<ol>\n<li><a href=\"https:\/\/en.wikipedia.org\/wiki\/Adderall\" target=\"_blank\" rel=\"noopener\">https:\/\/en.wikipedia.org\/wiki\/Adderall<\/a><\/li>\n<li><a href=\"https:\/\/www.medicalnewstoday.com\/articles\/drugs-adderall\" target=\"_blank\" rel=\"noopener\">https:\/\/www.medicalnewstoday.com\/articles\/drugs-adderall<\/a><\/li>\n<li><a href=\"https:\/\/www.accessdata.fda.gov\/drugsatfda_docs\/label\/2007\/011522s040lbl.pdf\" target=\"_blank\" rel=\"noopener\">https:\/\/www.accessdata.fda.gov\/drugsatfda_docs\/label\/2007\/011522s040lbl.pdf<\/a><\/li>\n<li><a href=\"https:\/\/www.mayoclinic.org\/drugs-supplements\/dextroamphetamine-and-amphetamine-oral-route\/description\/drg-20071758\" target=\"_blank\" rel=\"noopener\">https:\/\/www.mayoclinic.org\/drugs-supplements\/dextroamphetamine-and-amphetamine-oral-route\/description\/drg-20071758<\/a><\/li>\n<li><a href=\"https:\/\/www.webmd.com\/drugs\/2\/drug-63163\/adderall-oral\/details\" target=\"_blank\" rel=\"noopener\">https:\/\/www.webmd.com\/drugs\/2\/drug-63163\/adderall-oral\/details<\/a><\/li>\n<\/ol>\n<p style=\"text-align: center;\">Kj\u00f8pe Adderall, Kj\u00f8pe Adderall , Kj\u00f8pe Adderall , Kj\u00f8pe Adderall , Kj\u00f8pe Adderall<\/p>\n<\/div>\n<div id=\"comp-kagursof\" class=\"Z_l5lU MMl86N zQ9jDz qvSjx3 Vq6kJx comp-kagursof wixui-rich-text\" data-testid=\"richTextElement\"><\/div>\n<\/div>\n<\/div>\n<\/div>\n<\/div>\n<\/div>\n<\/div>\n","protected":false},"excerpt":{"rendered":"<p><span class=\"wixui-rich-text__text\">Kj\u00f8pe Adderall Til salgs online i Norge (Oslo, Bergen, Trondheim, Stavanger, \u00c5lesund, Drammen, Troms\u00f8, Fredrikstad, Kristiansand, Sandnes, Bod\u00f8, Skien, Sarpsborg, Sandefjord, Haugesund, T\u00f8nsberg, Moss, Porsgrunn, Arendal, Hamar, Halden, Lillehammer, Molde, Harstad, Kongsberg, Gj\u00f8vik, Ask\u00f8y, Kristiansund, Narvik, H\u00f8nefoss, Larvik, Jessheim, Stavanger\/Sandnes (metro), Troms\u00f8 (metro), \u00c5lesund (metro), Drammen (metro), Porsgrunn\/Skien (metro), Stj\u00f8rdal, Orkanger, Steinkjer, Namsos, Mo i Rana, Mosj\u00f8en, Br\u00f8nn\u00f8ysund, Sandnessj\u00f8en, \u00d8rsta, Volda, Ulsteinvik, \u00c5heim)<\/span><\/p>","protected":false},"featured_media":16136,"comment_status":"open","ping_status":"closed","template":"","meta":[],"product_brand":[],"product_cat":[76],"product_tag":[2065,2066,2064,2094,2067,2097,2082,2091,2089,2074,2073,2077,2071,2072,2085,2101,2084,2096,2059,2095,2093,2083,2069,2102,2070,2086,2076,2092,2080,2087,2060,2079,2061,2100,2099,2081,2063,2088,2090,2068,2075,2058,2098,2078,2062],"class_list":{"0":"post-15848","1":"product","2":"type-product","3":"status-publish","4":"has-post-thumbnail","6":"product_cat-norge-apotek","7":"product_tag-adderall-10-mg-norge","8":"product_tag-adderall-20-mg-norge","9":"product_tag-adderall-5-mg-norge","10":"product_tag-adderall-advarsler-norge","11":"product_tag-adderall-apotek-norge","12":"product_tag-adderall-apotekguide-norge","13":"product_tag-adderall-avhengighet-norge","14":"product_tag-adderall-barne-dose-norge","15":"product_tag-adderall-behandling-norge","16":"product_tag-adderall-bivirkninger-norge","17":"product_tag-adderall-bruk-norge","18":"product_tag-adderall-dosering-norge","19":"product_tag-adderall-for-adhd-norge","20":"product_tag-adderall-for-narkolepsi-norge","21":"product_tag-adderall-forskning-norge","22":"product_tag-adderall-forsyning-norge","23":"product_tag-adderall-helsetjeneste-norge","24":"product_tag-adderall-informasjon-norge","25":"product_tag-adderall-kjop-norge","26":"product_tag-adderall-kjopsguide-norge","27":"product_tag-adderall-kontraindikasjoner-norge","28":"product_tag-adderall-legemiddelinteraksjoner-norge","29":"product_tag-adderall-levering-norge","30":"product_tag-adderall-lover-og-regler-norge","31":"product_tag-adderall-lovlig-norge","32":"product_tag-adderall-medisinsk-bruk-norge","33":"product_tag-adderall-merkevare-norge","34":"product_tag-adderall-misbruk-norge","35":"product_tag-adderall-narkotikaklasse-norge","36":"product_tag-adderall-nettapotek-norge","37":"product_tag-adderall-pa-nett-norge","38":"product_tag-adderall-regelverk-norge","39":"product_tag-adderall-resept-norge","40":"product_tag-adderall-reseptkrav-norge","41":"product_tag-adderall-sikker-kjop-norge","42":"product_tag-adderall-sikkerhet-norge","43":"product_tag-adderall-tabletter-norge","44":"product_tag-adderall-tilgjengelighet-norge","45":"product_tag-adderall-voksen-dose-norge","46":"product_tag-bestill-adderall-norge","47":"product_tag-generisk-adderall-norge","48":"product_tag-kjop-adderall-i-norge","49":"product_tag-kjop-adderall-lovlig-norge","50":"product_tag-kjop-adderall-pa-nett-norge","51":"product_tag-kjop-adderall-xr-norge","53":"first","54":"instock","55":"sale","56":"shipping-taxable","57":"purchasable","58":"product-type-variable"},"_links":{"self":[{"href":"https:\/\/alubrightpharma.com\/nb\/wp-json\/wp\/v2\/product\/15848","targetHints":{"allow":["GET"]}}],"collection":[{"href":"https:\/\/alubrightpharma.com\/nb\/wp-json\/wp\/v2\/product"}],"about":[{"href":"https:\/\/alubrightpharma.com\/nb\/wp-json\/wp\/v2\/types\/product"}],"replies":[{"embeddable":true,"href":"https:\/\/alubrightpharma.com\/nb\/wp-json\/wp\/v2\/comments?post=15848"}],"version-history":[{"count":5,"href":"https:\/\/alubrightpharma.com\/nb\/wp-json\/wp\/v2\/product\/15848\/revisions"}],"predecessor-version":[{"id":16621,"href":"https:\/\/alubrightpharma.com\/nb\/wp-json\/wp\/v2\/product\/15848\/revisions\/16621"}],"wp:featuredmedia":[{"embeddable":true,"href":"https:\/\/alubrightpharma.com\/nb\/wp-json\/wp\/v2\/media\/16136"}],"wp:attachment":[{"href":"https:\/\/alubrightpharma.com\/nb\/wp-json\/wp\/v2\/media?parent=15848"}],"wp:term":[{"taxonomy":"product_brand","embeddable":true,"href":"https:\/\/alubrightpharma.com\/nb\/wp-json\/wp\/v2\/product_brand?post=15848"},{"taxonomy":"product_cat","embeddable":true,"href":"https:\/\/alubrightpharma.com\/nb\/wp-json\/wp\/v2\/product_cat?post=15848"},{"taxonomy":"product_tag","embeddable":true,"href":"https:\/\/alubrightpharma.com\/nb\/wp-json\/wp\/v2\/product_tag?post=15848"}],"curies":[{"name":"wp","href":"https:\/\/api.w.org\/{rel}","templated":true}]}}