{"id":16236,"date":"2026-01-17T12:04:35","date_gmt":"2026-01-17T12:04:35","guid":{"rendered":"https:\/\/alubrightpharma.com\/?post_type=product&#038;p=16236"},"modified":"2026-03-27T21:12:38","modified_gmt":"2026-03-27T21:12:38","slug":"kob-retatrutide-40mg-online-danmark","status":"publish","type":"product","link":"https:\/\/alubrightpharma.com\/nl\/product\/kob-retatrutide-40mg-online-danmark\/","title":{"rendered":"K\u00f8b Retatrutide 40mg"},"content":{"rendered":"<div class=\"prose dark:prose-invert inline leading-relaxed break-words min-w-0 [word-break:break-word] prose-strong:font-medium [&amp;_&gt;*:first-child]:mt-0\">\n<h2 class=\"my-2 [&amp;+p]:mt-4 [&amp;_strong:has(+br)]:inline-block [&amp;_strong:has(+br)]:pb-2\" style=\"text-align: center;\"><a href=\"https:\/\/alubrightpharma.com\/product\/kob-retatrutide-40mg-online-danmark\/\">K\u00f8b Retatrutide 40mg til salg online Danmark oversigt<\/a><\/h2>\n<p class=\"my-2 [&amp;+p]:mt-4 [&amp;_strong:has(+br)]:inline-block [&amp;_strong:has(+br)]:pb-2\">Retatrutide er et banebrydende, multi-receptor\u00a0<strong>wellness<\/strong>-peptid, der har vist bem\u00e6rkelsesv\u00e6rdigt st\u00e6rke resultater i tidlige kliniske unders\u00f8gelser, hvilket bidrager til betydelige reduktioner i kropsfedt og meningsfulde forbedringer i den samlede metaboliske sundhed. Det virker p\u00e5 flere hormonelle veje p\u00e5 \u00e9n gang, hvilket tilsyneladende forst\u00e6rker dets effekt p\u00e5 kropssammens\u00e6tning, energibalance og centrale wellness-mark\u00f8rer sammenlignet med \u00e6ldre, single-target-behandlinger.<\/p>\n<p class=\"my-2 [&amp;+p]:mt-4 [&amp;_strong:has(+br)]:inline-block [&amp;_strong:has(+br)]:pb-2\">Som et n\u00e6ste-generationspeptid udviklet med et st\u00e6rkt fokus p\u00e5 metabolisk\u00a0<strong>wellness<\/strong>, tilbyder retatrutide bem\u00e6rkelsesv\u00e6rdige fedtreducerende effekter, samtidig med at det forbedrer vigtige laboratorie- og kliniske indikatorer forbundet med kardio-metabolsk risiko. Personer interesseret i vedvarende wellness og sundere kropssammens\u00e6tning kan finde dets profil s\u00e6rligt tiltalende, da tidlige data tyder p\u00e5 potentiale for holdbare \u00e6ndringer frem for kortvarige resultater. Fordi det rammer flere receptorer, er det designet til at underst\u00f8tte mere omfattende metaboliske forbedringer i stedet for kun at adressere appetit eller kun energiforbrug.<\/p>\n<p><img decoding=\"async\" class=\"alignright\" src=\"https:\/\/alubrightpharma.com\/wp-content\/uploads\/2026\/01\/ATACADO-RETATRUTIDE-SYNEDICA-40MG-PARAGUAI-1536x1536-354870583-300x300.jpg\" alt=\"K\u00f8b Retatrutide 40mg, K\u00f8b Retatrutide, Retatrutide til salg, K\u00f8b Retatrutide online, K\u00f8b Retatrutide peptid, Retatrutide pris, Retatrutide k\u00f8b, Retatrutide online apotek, Retatrutide leverand\u00f8r, Retatrutide tilbud, Retatrutide bestil online, Retatrutide vial, Retatrutide injicerbar, Retatrutide forskning peptid, Retatrutide bulk k\u00f8b, Retatrutide rabat, Retatrutide p\u00e5lidelig kilde, bedste sted at k\u00f8b Retatrutide, Retatrutide ordre, Retatrutide forsendelse, Retatrutide Danmark, Retatrutide Sverige, Retatrutide Norge, Retatrutide Europa, Retatrutide grossist, Retatrutide hurtig levering, K\u00f8b Retatrutide i Danmark, Retatrutide til salg Danmark, K\u00f8b Retatrutide online Danmark, Retatrutide Danmark k\u00f8b, Retatrutide pris Danmark, Retatrutide leverand\u00f8r Danmark, Retatrutide online apotek Danmark, K\u00f8b Retatrutide peptid Danmark, Retatrutide forskning Danmark, Retatrutide vial Danmark, Retatrutide injicerbar Danmark, Retatrutide bulk Danmark, Retatrutide levering Danmark, Retatrutide K\u00f8benhavn, Retatrutide Aarhus, Retatrutide Danmark p\u00e5lidelig kilde, bedste sted at k\u00f8be Retatrutide Danmark, Retatrutide rabat Danmark, Retatrutide ordre online Danmark, Retatrutide Danmark forsendelse, Retatrutide lovlig Danmark, Retatrutide tilg\u00e6ngelighed Danmark, Retatrutide grossist Danmark\" width=\"64\" height=\"64\" \/><\/p>\n<p class=\"my-2 [&amp;+p]:mt-4 [&amp;_strong:has(+br)]:inline-block [&amp;_strong:has(+br)]:pb-2\">Retatrutide beskrives ogs\u00e5 ofte som et innovativt\u00a0<strong>wellness<\/strong>-middel p\u00e5 grund af dets evne til at p\u00e5virke flere n\u00f8glesystemer involveret i appetitregulering, glukosekontrol og energianvendelse. Ved at modulere disse veje sammen kan det hj\u00e6lpe individer med naturligt at reducere kalorieindtag, samtidig med at det forbedrer kroppens h\u00e5ndtering og forbr\u00e6nding af energi. Denne dobbelte virkning bidrager til fortsatte reduktioner i kropsv\u00e6gt og fedtmasse over tid, hvilket igen kan underst\u00f8tte bedre kardiovaskul\u00e6r og metabolisk wellness.<\/p>\n<p class=\"my-2 [&amp;+p]:mt-4 [&amp;_strong:has(+br)]:inline-block [&amp;_strong:has(+br)]:pb-2\">Tidlige fors\u00f8gsdata indikerer, at retatrutide kan producere v\u00e6sentlige og progressive reduktioner i kropsv\u00e6gt og fedtmasse, hvilket placerer det blandt de mest lovende unders\u00f8gelsesmuligheder i den nuv\u00e6rende pipeline af metaboliske og wellness-fokuserede terapier. I flere studieindstillinger har deltagere oplevet ikke kun m\u00e5lbare \u00e6ndringer p\u00e5 v\u00e6gten, men ogs\u00e5 opmuntrende skift i mark\u00f8rer som blodsukkerkontrol og andre kardio-metaboliske indikatorer. Disse forbedringer tyder p\u00e5, at retatrutide kan hj\u00e6lpe med at tackle b\u00e5de synlige \u00e6ndringer i kropssammens\u00e6tning og de underliggende metaboliske forstyrrelser, der ofte f\u00f8lger med overv\u00e6gt.<\/p>\n<p class=\"my-2 [&amp;+p]:mt-4 [&amp;_strong:has(+br)]:inline-block [&amp;_strong:has(+br)]:pb-2\">Ud over dets direkte indvirkning p\u00e5 v\u00e6gtrelaterede resultater ligger retatrutides bredere wellness-potentiale i dets tilsyneladende evne til at styrke den samlede metaboliske robusthed. Forbedringer i faktorer som insulinf\u00f8lsomhed, kardio-metaboliske risikomark\u00f8rer og energiniveauer kan overs\u00e6ttes til bedre dagligdag fungering og langsigtede sundhedsuddanningsmuligheder. For individer, der k\u00e6mper med kroniske problemer relateret til overv\u00e6gt, metabolsk ubalance eller fedmerelaterede tilstande, g\u00f8r denne kombination af fedtreduktion og systemiske fordele retatrutide til en s\u00e6rligt overbevisende kandidat<a href=\"https:\/\/youtu.be\/2K5ALf7-2d4\" target=\"_blank\" rel=\"noopener\">.<\/a><\/p>\n<p><img decoding=\"async\" class=\"alignright\" src=\"https:\/\/alubrightpharma.com\/wp-content\/uploads\/2026\/01\/ATACADO-RETATRUTIDE-SYNEDICA-40MG-PARAGUAI-1536x1536-354870583-300x300.jpg\" alt=\"K\u00f8b Retatrutide 40mg, K\u00f8b Retatrutide, Retatrutide til salg, K\u00f8b Retatrutide online, K\u00f8b Retatrutide peptid, Retatrutide pris, Retatrutide k\u00f8b, Retatrutide online apotek, Retatrutide leverand\u00f8r, Retatrutide tilbud, Retatrutide bestil online, Retatrutide vial, Retatrutide injicerbar, Retatrutide forskning peptid, Retatrutide bulk k\u00f8b, Retatrutide rabat, Retatrutide p\u00e5lidelig kilde, bedste sted at k\u00f8b Retatrutide, Retatrutide ordre, Retatrutide forsendelse, Retatrutide Danmark, Retatrutide Sverige, Retatrutide Norge, Retatrutide Europa, Retatrutide grossist, Retatrutide hurtig levering, K\u00f8b Retatrutide i Danmark, Retatrutide til salg Danmark, K\u00f8b Retatrutide online Danmark, Retatrutide Danmark k\u00f8b, Retatrutide pris Danmark, Retatrutide leverand\u00f8r Danmark, Retatrutide online apotek Danmark, K\u00f8b Retatrutide peptid Danmark, Retatrutide forskning Danmark, Retatrutide vial Danmark, Retatrutide injicerbar Danmark, Retatrutide bulk Danmark, Retatrutide levering Danmark, Retatrutide K\u00f8benhavn, Retatrutide Aarhus, Retatrutide Danmark p\u00e5lidelig kilde, bedste sted at k\u00f8be Retatrutide Danmark, Retatrutide rabat Danmark, Retatrutide ordre online Danmark, Retatrutide Danmark forsendelse, Retatrutide lovlig Danmark, Retatrutide tilg\u00e6ngelighed Danmark, Retatrutide grossist Danmark\" width=\"70\" height=\"70\" \/><\/p>\n<p class=\"my-2 [&amp;+p]:mt-4 [&amp;_strong:has(+br)]:inline-block [&amp;_strong:has(+br)]:pb-2\">Selvom entusiasmen omkring dette multi-receptor\u00a0<strong>wellness<\/strong>-peptid forts\u00e6tter med at vokse, forbliver retatrutide en unders\u00f8gelsesbehandling og er endnu ikke bredt tilg\u00e6ngelig uden for kliniske eller forskningsindstillinger. Dets langsigtede sikkerhedsprofil, optimale doseringsstrategier og bedste patientpopulationer bliver stadig afklaret, efterh\u00e5nden som flere data kommer frem. Alligevel har de akkumulerede beviser skabt betydelig optimisme for, at retatrutide kan hj\u00e6lpe med at gendefinere forventningerne til medicinsk wellness og metabolisk pleje ved at tilbyde en mere holistisk, mekanisme-drevet tilgang til at forbedre kropssammens\u00e6tning, metabolsk sundhed og samlet livskvalitet<a href=\"https:\/\/youtu.be\/2K5ALf7-2d4\" target=\"_blank\" rel=\"noopener\">.<\/a><\/p>\n<p>K\u00f8b Retatrutide 40mg, K\u00f8b Retatrutide 40mg, K\u00f8b Retatrutide 40mg, K\u00f8b Retatrutide 40mg, K\u00f8b Retatrutide 40mg, K\u00f8b Retatrutide 40mg, K\u00f8b Retatrutide 40mg, K\u00f8b Retatrutide 40mg<\/p>\n<\/div>\n","protected":false},"excerpt":{"rendered":"<p>K\u00f8b Retatrutide 40mg til salg online Danmark, et injicerbart peptid fra en ny klasse af behandlinger, der sigter mod at levere v\u00e6sentlige reduktioner i kropsv\u00e6gt og forbedre den metaboliske sundhed ved at virke p\u00e5 flere hormonelle signalveje p\u00e5 \u00e9n gang. Det har vist opmuntrende resultater i tidlige kliniske fors\u00f8g med bem\u00e6rkelsesv\u00e6rdige fald i kropsv\u00e6gt og gunstige \u00e6ndringer i vigtige kardio-metaboliske indikatorer.<\/p>","protected":false},"featured_media":16237,"comment_status":"open","ping_status":"closed","template":"","meta":[],"product_brand":[],"product_cat":[74],"product_tag":[2868,2893,2853,2877,2855,2879,2856,2884,2891,2862,2888,2865,2871,2896,2880,2892,2874,2870,2885,2864,2875,2899,2876,2863,2887,2858,2890,2860,2882,2889,2897,2873,2859,2883,2869,2895,2867,2857,2881,2866,2894,2872,2854,2878,2861,2898,2841,2886],"class_list":{"0":"post-16236","1":"product","2":"type-product","3":"status-publish","4":"has-post-thumbnail","6":"product_cat-danmark-apotek","7":"product_tag-bedste-sted-at-kob-retatrutide","8":"product_tag-bedste-sted-at-kobe-retatrutide-danmark","9":"product_tag-kob-retatrutide","10":"product_tag-kob-retatrutide-i-danmark","11":"product_tag-kob-retatrutide-online","12":"product_tag-kob-retatrutide-online-danmark","13":"product_tag-kob-retatrutide-peptid","14":"product_tag-kob-retatrutide-peptid-danmark","15":"product_tag-retatrutide-aarhus","16":"product_tag-retatrutide-bestil-online","17":"product_tag-retatrutide-bulk-danmark","18":"product_tag-retatrutide-bulk-kob","19":"product_tag-retatrutide-danmark","20":"product_tag-retatrutide-danmark-forsendelse","21":"product_tag-retatrutide-danmark-kob","22":"product_tag-retatrutide-danmark-palidelig-kilde","23":"product_tag-retatrutide-europa","24":"product_tag-retatrutide-forsendelse","25":"product_tag-retatrutide-forskning-danmark","26":"product_tag-retatrutide-forskning-peptid","27":"product_tag-retatrutide-grossist","28":"product_tag-retatrutide-grossist-danmark","29":"product_tag-retatrutide-hurtig-levering","30":"product_tag-retatrutide-injicerbar","31":"product_tag-retatrutide-injicerbar-danmark","32":"product_tag-retatrutide-kob","33":"product_tag-retatrutide-kobenhavn","34":"product_tag-retatrutide-leverandor","35":"product_tag-retatrutide-leverandor-danmark","36":"product_tag-retatrutide-levering-danmark","37":"product_tag-retatrutide-lovlig-danmark","38":"product_tag-retatrutide-norge","39":"product_tag-retatrutide-online-apotek","40":"product_tag-retatrutide-online-apotek-danmark","41":"product_tag-retatrutide-ordre","42":"product_tag-retatrutide-ordre-online-danmark","43":"product_tag-retatrutide-palidelig-kilde","44":"product_tag-retatrutide-pris","45":"product_tag-retatrutide-pris-danmark","46":"product_tag-retatrutide-rabat","47":"product_tag-retatrutide-rabat-danmark","48":"product_tag-retatrutide-sverige","49":"product_tag-retatrutide-til-salg","50":"product_tag-retatrutide-til-salg-danmark","51":"product_tag-retatrutide-tilbud","52":"product_tag-retatrutide-tilgaengelighed-danmark","53":"product_tag-retatrutide-vial","54":"product_tag-retatrutide-vial-danmark","56":"first","57":"instock","58":"sale","59":"shipping-taxable","60":"purchasable","61":"product-type-simple"},"_links":{"self":[{"href":"https:\/\/alubrightpharma.com\/nl\/wp-json\/wp\/v2\/product\/16236","targetHints":{"allow":["GET"]}}],"collection":[{"href":"https:\/\/alubrightpharma.com\/nl\/wp-json\/wp\/v2\/product"}],"about":[{"href":"https:\/\/alubrightpharma.com\/nl\/wp-json\/wp\/v2\/types\/product"}],"replies":[{"embeddable":true,"href":"https:\/\/alubrightpharma.com\/nl\/wp-json\/wp\/v2\/comments?post=16236"}],"version-history":[{"count":2,"href":"https:\/\/alubrightpharma.com\/nl\/wp-json\/wp\/v2\/product\/16236\/revisions"}],"predecessor-version":[{"id":16780,"href":"https:\/\/alubrightpharma.com\/nl\/wp-json\/wp\/v2\/product\/16236\/revisions\/16780"}],"wp:featuredmedia":[{"embeddable":true,"href":"https:\/\/alubrightpharma.com\/nl\/wp-json\/wp\/v2\/media\/16237"}],"wp:attachment":[{"href":"https:\/\/alubrightpharma.com\/nl\/wp-json\/wp\/v2\/media?parent=16236"}],"wp:term":[{"taxonomy":"product_brand","embeddable":true,"href":"https:\/\/alubrightpharma.com\/nl\/wp-json\/wp\/v2\/product_brand?post=16236"},{"taxonomy":"product_cat","embeddable":true,"href":"https:\/\/alubrightpharma.com\/nl\/wp-json\/wp\/v2\/product_cat?post=16236"},{"taxonomy":"product_tag","embeddable":true,"href":"https:\/\/alubrightpharma.com\/nl\/wp-json\/wp\/v2\/product_tag?post=16236"}],"curies":[{"name":"wp","href":"https:\/\/api.w.org\/{rel}","templated":true}]}}