{"id":15779,"date":"2025-11-30T17:04:19","date_gmt":"2025-11-30T17:04:19","guid":{"rendered":"https:\/\/alubrightpharma.com\/?post_type=product&#038;p=15779"},"modified":"2026-03-27T20:57:29","modified_gmt":"2026-03-27T20:57:29","slug":"kob-kodeinsirup-online-danmark","status":"publish","type":"product","link":"https:\/\/alubrightpharma.com\/sv\/product\/kob-kodeinsirup-online-danmark\/","title":{"rendered":"K\u00f8b Kodeinsirup"},"content":{"rendered":"<h2 class=\"font_2 wixui-rich-text__text\" style=\"text-align: center;\"><a href=\"https:\/\/alubrightpharma.com\/sv\/product\/kob-kodeinsirup-online-danmark\/\"><span class=\"wixui-rich-text__text\">K\u00f8b Kodeinsirup i Danmark Oversigt<\/span><\/a><\/h2>\n<div id=\"comp-k9q116fy\" class=\"Z_l5lU MMl86N zQ9jDz qvSjx3 Vq6kJx comp-k9q116fy wixui-rich-text\" data-testid=\"richTextElement\">\n<h2 data-start=\"148\" data-end=\"175\"><strong data-start=\"151\" data-end=\"175\">Hvad er kodeinsirup?<\/strong><\/h2>\n<p data-start=\"177\" data-end=\"253\"><strong data-start=\"177\" data-end=\"192\">Kodeinsirup<\/strong> er en flydende l\u00e6gemiddelformulering, som typisk indeholder:<\/p>\n<ul data-start=\"255\" data-end=\"523\">\n<li data-start=\"255\" data-end=\"318\">\n<p data-start=\"257\" data-end=\"318\"><strong data-start=\"257\" data-end=\"273\">Kodeinfosfat<\/strong> som aktivt farmaceutisk indholdsstof (API)<\/p>\n<\/li>\n<li data-start=\"319\" data-end=\"417\">\n<p data-start=\"321\" data-end=\"417\">Opl\u00f8sningsmidler, konserveringsmidler, s\u00f8demidler og smagsstoffer for bedre smag og stabilitet<\/p>\n<\/li>\n<li data-start=\"418\" data-end=\"523\">\n<p data-start=\"420\" data-end=\"523\">I nogle kombinationspr\u00e6parater ogs\u00e5 andre aktive stoffer, s\u00e5som <strong data-start=\"484\" data-end=\"499\">guaifenesin<\/strong> (et sliml\u00f8sende middel)<\/p>\n<\/li>\n<\/ul>\n<p><img decoding=\"async\" class=\"alignright\" src=\"https:\/\/alubrightpharma.com\/wp-content\/uploads\/2025\/11\/Promethazine-with-codeine-1-4093439792-300x300.jpg\" alt=\"kodeinsirup klinisk anvendelse Danmark, kodein farmakologi og metabolisme, kodein regulering i EU, opioid sikkerhed og bivirkninger, kodein CYP2D6 farmakogenomik, kodein folkesundhedsforskning, kodeinsirup farmakovigilans Danmark, risici ved afh\u00e6ngighed af opioid hostesirup\" width=\"47\" height=\"47\" \/><\/p>\n<hr data-start=\"525\" data-end=\"528\" \/>\n<h2 data-start=\"530\" data-end=\"554\"><strong data-start=\"533\" data-end=\"554\">Kodein som opioid<\/strong><\/h2>\n<p data-start=\"556\" data-end=\"753\">Kodein er et naturligt forekommende opioidalkaloid, der udvindes fra <strong data-start=\"625\" data-end=\"647\">Papaver somniferum<\/strong> (opiumsvalmuen). Det er mindre potent end morfin, men virker p\u00e5 <strong data-start=\"712\" data-end=\"742\">centralnervesystemet (CNS)<\/strong>, hvor det:<\/p>\n<ul data-start=\"755\" data-end=\"815\">\n<li data-start=\"755\" data-end=\"780\">\n<p data-start=\"757\" data-end=\"780\">H\u00e6mmer hosterefleksen<\/p>\n<\/li>\n<li data-start=\"781\" data-end=\"815\">\n<p data-start=\"783\" data-end=\"815\">Lindrer let til moderat smerte<\/p>\n<\/li>\n<\/ul>\n<hr data-start=\"817\" data-end=\"820\" \/>\n<h2 data-start=\"822\" data-end=\"860\"><strong data-start=\"825\" data-end=\"860\">Hvorfor flydende formuleringer?<\/strong><\/h2>\n<p data-start=\"862\" data-end=\"907\">Flydende (sirup-)formuleringer anvendes, n\u00e5r:<\/p>\n<ul data-start=\"909\" data-end=\"1113\">\n<li data-start=\"909\" data-end=\"987\">\n<p data-start=\"911\" data-end=\"987\"><strong data-start=\"911\" data-end=\"933\">Fleksibel dosering<\/strong> er n\u00f8dvendig (s\u00e6rligt hos b\u00f8rn med godkendt recept)<\/p>\n<\/li>\n<li data-start=\"988\" data-end=\"1051\">\n<p data-start=\"990\" data-end=\"1051\">Patienten har <strong data-start=\"1004\" data-end=\"1019\">synkebesv\u00e6r<\/strong> og ikke kan indtage tabletter<\/p>\n<\/li>\n<li data-start=\"1052\" data-end=\"1113\">\n<p data-start=\"1054\" data-end=\"1113\">En <strong data-start=\"1057\" data-end=\"1101\">hurtig inds\u00e6ttende hostestillende effekt<\/strong> er \u00f8nsket<\/p>\n<\/li>\n<\/ul>\n<hr data-start=\"1115\" data-end=\"1118\" \/>\n<h2 data-start=\"1120\" data-end=\"1160\"><strong data-start=\"1123\" data-end=\"1160\">Farmakologi og virkningsmekanisme<\/strong><\/h2>\n<h3 data-start=\"1162\" data-end=\"1194\"><strong data-start=\"1166\" data-end=\"1194\">Opioidreceptor-aktivitet<\/strong><\/h3>\n<p data-start=\"1196\" data-end=\"1225\">Kodein virker prim\u00e6rt ved at:<\/p>\n<ul data-start=\"1227\" data-end=\"1457\">\n<li data-start=\"1227\" data-end=\"1295\">\n<p data-start=\"1229\" data-end=\"1295\">Binde sig til <strong data-start=\"1243\" data-end=\"1266\">mu-opioidreceptorer<\/strong> i hjernen og hjernestammen<\/p>\n<\/li>\n<li data-start=\"1296\" data-end=\"1387\">\n<p data-start=\"1298\" data-end=\"1387\">Modulere hostereflekscentret i <strong data-start=\"1329\" data-end=\"1350\">medulla oblongata<\/strong>, hvilket reducerer hostefrekvensen<\/p>\n<\/li>\n<li data-start=\"1388\" data-end=\"1457\">\n<p data-start=\"1390\" data-end=\"1457\">Give smertelindring gennem central bearbejdning af smertesignaler<\/p>\n<\/li>\n<\/ul>\n<p data-start=\"1459\" data-end=\"1602\">Selvom kodein har lavere affinitet end st\u00e6rkere opioider, bidrager dets aktive metabolit \u2014 <strong data-start=\"1550\" data-end=\"1560\">morfin<\/strong> \u2014 v\u00e6sentligt til den terapeutiske effekt<a href=\"https:\/\/youtu.be\/kvXiwSkcgZs\" target=\"_blank\" rel=\"noopener\">.<\/a><\/p>\n<hr data-start=\"1604\" data-end=\"1607\" \/>\n<h2 data-start=\"1609\" data-end=\"1627\"><strong data-start=\"1612\" data-end=\"1627\">Metabolisme<\/strong><\/h2>\n<p data-start=\"1629\" data-end=\"1690\">Kodein metaboliseres i leveren via f\u00f8lgende enzymatiske veje:<\/p>\n<ul data-start=\"1692\" data-end=\"1819\">\n<li data-start=\"1692\" data-end=\"1748\">\n<p data-start=\"1694\" data-end=\"1748\"><strong data-start=\"1694\" data-end=\"1713\">CYP2D6 \u2192 morfin<\/strong> (aktiv og mere potent metabolit)<\/p>\n<\/li>\n<li data-start=\"1749\" data-end=\"1775\">\n<p data-start=\"1751\" data-end=\"1775\"><strong data-start=\"1751\" data-end=\"1773\">CYP3A4 \u2192 norkodein<\/strong><\/p>\n<\/li>\n<li data-start=\"1776\" data-end=\"1819\">\n<p data-start=\"1778\" data-end=\"1819\"><strong data-start=\"1778\" data-end=\"1819\">Glukuronidering \u2192 kodein-6-glukuronid<\/strong><\/p>\n<\/li>\n<\/ul>\n<p data-start=\"1821\" data-end=\"1917\">Genetiske variationer i <strong data-start=\"1845\" data-end=\"1870\">CYP2D6-enzymaktivitet<\/strong> forklarer forskelle i individuelle reaktioner:<\/p>\n<ul data-start=\"1919\" data-end=\"2094\">\n<li data-start=\"1919\" data-end=\"1987\">\n<p data-start=\"1921\" data-end=\"1987\"><strong data-start=\"1921\" data-end=\"1949\">Langsomme metaboliserere<\/strong> kan opleve reduceret smertelindring<\/p>\n<\/li>\n<li data-start=\"1988\" data-end=\"2094\">\n<p data-start=\"1990\" data-end=\"2094\"><strong data-start=\"1990\" data-end=\"2021\">Ultrahurtige metaboliserere<\/strong> kan danne store m\u00e6ngder morfin, hvilket \u00f8ger risikoen for bivirkninger<\/p>\n<\/li>\n<\/ul>\n<p data-start=\"2096\" data-end=\"2169\">Denne farmakogenetiske viden er vigtig b\u00e5de klinisk og forskningsm\u00e6ssigt.<\/p>\n<hr data-start=\"2171\" data-end=\"2174\" \/>\n<h2 data-start=\"2176\" data-end=\"2197\"><strong data-start=\"2179\" data-end=\"2197\">Farmakokinetik<\/strong><\/h2>\n<ul data-start=\"2199\" data-end=\"2385\">\n<li data-start=\"2199\" data-end=\"2241\">\n<p data-start=\"2201\" data-end=\"2241\"><strong data-start=\"2201\" data-end=\"2220\">Virkningsstart:<\/strong> ca. 15\u201330 minutter<\/p>\n<\/li>\n<li data-start=\"2242\" data-end=\"2289\">\n<p data-start=\"2244\" data-end=\"2289\"><strong data-start=\"2244\" data-end=\"2277\">Maksimal plasmakoncentration:<\/strong> 1\u20132 timer<\/p>\n<\/li>\n<li data-start=\"2290\" data-end=\"2385\">\n<p data-start=\"2292\" data-end=\"2385\"><strong data-start=\"2292\" data-end=\"2314\">Virkningsvarighed:<\/strong> 4\u20136 timer (varierer afh\u00e6ngigt af formulering og individuelle faktorer)<\/p>\n<\/li>\n<\/ul>\n<hr data-start=\"2387\" data-end=\"2390\" \/>\n<h2 data-start=\"2392\" data-end=\"2433\"><strong data-start=\"2395\" data-end=\"2433\">Godkendte terapeutiske anvendelser<\/strong><\/h2>\n<h3 data-start=\"2435\" data-end=\"2467\"><strong data-start=\"2439\" data-end=\"2467\">Hosteh\u00e6mmende behandling<\/strong><\/h3>\n<p data-start=\"2469\" data-end=\"2548\">Kodeinsirups prim\u00e6re indikation \u2014 n\u00e5r den ordineres korrekt \u2014 er behandling af:<\/p>\n<ul data-start=\"2550\" data-end=\"2632\">\n<li data-start=\"2550\" data-end=\"2632\">\n<p data-start=\"2552\" data-end=\"2632\"><strong data-start=\"2552\" data-end=\"2583\">Vedvarende eller sv\u00e6r hoste<\/strong>, som ikke responderer p\u00e5 f\u00f8rstelinjebehandling<\/p>\n<\/li>\n<\/ul>\n<hr data-start=\"2634\" data-end=\"2637\" \/>\n<h3 data-start=\"2639\" data-end=\"2663\"><strong data-start=\"2643\" data-end=\"2663\">Smertebehandling<\/strong><\/h3>\n<p data-start=\"2665\" data-end=\"2761\">Selvom kodein ikke er f\u00f8rstevalg som smertestillende middel, kan det bidrage til smertelindring:<\/p>\n<ul data-start=\"2763\" data-end=\"2884\">\n<li data-start=\"2763\" data-end=\"2797\">\n<p data-start=\"2765\" data-end=\"2797\">I visse kombinationspr\u00e6parater<\/p>\n<\/li>\n<li data-start=\"2798\" data-end=\"2827\">\n<p data-start=\"2800\" data-end=\"2827\">Under klinisk overv\u00e5gning<\/p>\n<\/li>\n<li data-start=\"2828\" data-end=\"2884\">\n<p data-start=\"2830\" data-end=\"2884\">I situationer, hvor st\u00e6rkere opioider ikke er egnede<\/p>\n<\/li>\n<\/ul>\n<hr data-start=\"2886\" data-end=\"2889\" \/>\n<h3 data-start=\"2891\" data-end=\"2921\"><strong data-start=\"2895\" data-end=\"2921\">Kombinationspr\u00e6parater<\/strong><\/h3>\n<p data-start=\"2923\" data-end=\"2960\">Nogle kodeinsirupper indeholder ogs\u00e5:<\/p>\n<ul data-start=\"2962\" data-end=\"3047\">\n<li data-start=\"2962\" data-end=\"3002\">\n<p data-start=\"2964\" data-end=\"3002\"><strong data-start=\"2964\" data-end=\"2979\">Guaifenesin<\/strong> (sliml\u00f8sende middel)<\/p>\n<\/li>\n<li data-start=\"3003\" data-end=\"3047\">\n<p data-start=\"3005\" data-end=\"3047\"><strong data-start=\"3005\" data-end=\"3023\">Antihistaminer<\/strong> i udvalgte pr\u00e6parater<\/p>\n<\/li>\n<\/ul>\n<p data-start=\"3049\" data-end=\"3180\">I Danmark og EU afh\u00e6nger godkendte formuleringer og indikationer af nationale markedsf\u00f8ringstilladelser og kliniske retningslinjer.<\/p>\n<hr data-start=\"3182\" data-end=\"3185\" \/>\n<h2 data-start=\"3187\" data-end=\"3218\"><strong data-start=\"3190\" data-end=\"3218\">Almindelige bivirkninger<\/strong><\/h2>\n<p data-start=\"3220\" data-end=\"3264\">Ved terapeutiske doser kan kodein for\u00e5rsage:<\/p>\n<ul data-start=\"3266\" data-end=\"3365\">\n<li data-start=\"3266\" data-end=\"3290\">\n<p data-start=\"3268\" data-end=\"3290\">D\u00f8sighed og sedation<\/p>\n<\/li>\n<li data-start=\"3291\" data-end=\"3307\">\n<p data-start=\"3293\" data-end=\"3307\">Forstoppelse<\/p>\n<\/li>\n<li data-start=\"3308\" data-end=\"3335\">\n<p data-start=\"3310\" data-end=\"3335\">Kvalme eller opkastning<\/p>\n<\/li>\n<li data-start=\"3336\" data-end=\"3350\">\n<p data-start=\"3338\" data-end=\"3350\">Svimmelhed<\/p>\n<\/li>\n<li data-start=\"3351\" data-end=\"3365\">\n<p data-start=\"3353\" data-end=\"3365\">Mundt\u00f8rhed<\/p>\n<\/li>\n<\/ul>\n<hr data-start=\"3367\" data-end=\"3370\" \/>\n<h2 data-start=\"3372\" data-end=\"3405\"><strong data-start=\"3375\" data-end=\"3405\">Afh\u00e6ngighed og abstinenser<\/strong><\/h2>\n<p data-start=\"3407\" data-end=\"3450\">Langvarig eller gentagen brug kan f\u00f8re til:<\/p>\n<ul data-start=\"3452\" data-end=\"3613\">\n<li data-start=\"3452\" data-end=\"3478\">\n<p data-start=\"3454\" data-end=\"3478\"><strong data-start=\"3454\" data-end=\"3476\">Fysisk afh\u00e6ngighed<\/strong><\/p>\n<\/li>\n<li data-start=\"3479\" data-end=\"3504\">\n<p data-start=\"3481\" data-end=\"3504\"><strong data-start=\"3481\" data-end=\"3502\">Toleransudvikling<\/strong><\/p>\n<\/li>\n<li data-start=\"3505\" data-end=\"3613\">\n<p data-start=\"3507\" data-end=\"3550\"><strong data-start=\"3507\" data-end=\"3529\">Abstinenssymptomer<\/strong> ved oph\u00f8r, herunder:<\/p>\n<ul data-start=\"3553\" data-end=\"3613\">\n<li data-start=\"3553\" data-end=\"3562\">\n<p data-start=\"3555\" data-end=\"3562\">Angst<\/p>\n<\/li>\n<li data-start=\"3565\" data-end=\"3575\">\n<p data-start=\"3567\" data-end=\"3575\">Rysten<\/p>\n<\/li>\n<li data-start=\"3578\" data-end=\"3593\">\n<p data-start=\"3580\" data-end=\"3593\">Svedtendens<\/p>\n<\/li>\n<li data-start=\"3596\" data-end=\"3613\">\n<p data-start=\"3598\" data-end=\"3613\">Irritabilitet<\/p>\n<\/li>\n<\/ul>\n<\/li>\n<\/ul>\n<p data-start=\"3615\" data-end=\"3725\">Disse effekter er veldokumenterede i klinisk forskning og udg\u00f8r et vigtigt fokusomr\u00e5de inden for folkesundhed.<\/p>\n<hr data-start=\"3727\" data-end=\"3730\" \/>\n<h2 data-start=\"3732\" data-end=\"3760\"><strong data-start=\"3735\" data-end=\"3760\">S\u00e6rlige risikogrupper<\/strong><\/h2>\n<ul data-start=\"3762\" data-end=\"4081\">\n<li data-start=\"3762\" data-end=\"3879\">\n<p data-start=\"3764\" data-end=\"3879\"><strong data-start=\"3764\" data-end=\"3773\">B\u00f8rn:<\/strong> \u00d8get risiko p\u00e5 grund af uforudsigelig metabolisme; kontraindiceret eller st\u00e6rkt begr\u00e6nset i mange lande<\/p>\n<\/li>\n<li data-start=\"3880\" data-end=\"3999\">\n<p data-start=\"3882\" data-end=\"3999\"><strong data-start=\"3882\" data-end=\"3907\">Graviditet og amning:<\/strong> Kodein passerer placenta og udskilles i moderm\u00e6lk; behandling kr\u00e6ver n\u00f8je risikovurdering<\/p>\n<\/li>\n<li data-start=\"4000\" data-end=\"4081\">\n<p data-start=\"4002\" data-end=\"4081\"><strong data-start=\"4002\" data-end=\"4012\">\u00c6ldre:<\/strong> \u00d8get f\u00f8lsomhed over for CNS-effekter; forsigtig dosering anbefales<\/p>\n<\/li>\n<\/ul>\n<hr data-start=\"4083\" data-end=\"4086\" \/>\n<h2 data-start=\"4088\" data-end=\"4118\"><strong data-start=\"4091\" data-end=\"4118\">Folkesundhed og misbrug<\/strong><\/h2>\n<h3 data-start=\"4120\" data-end=\"4146\"><strong data-start=\"4124\" data-end=\"4146\">Misbrugspotentiale<\/strong><\/h3>\n<p data-start=\"4148\" data-end=\"4386\">Ved doser over det terapeutiske niveau kan kodein give euforiske virkninger, hvilket har f\u00f8rt til rekreativt misbrug. <strong data-start=\"4266\" data-end=\"4291\">Misbrug af hostesirup<\/strong> ses i visse epidemiologiske m\u00f8nstre, dog i mindre omfang i Danmark end i nogle andre regioner.<\/p>\n<hr data-start=\"4388\" data-end=\"4391\" \/>\n<h3 data-start=\"4393\" data-end=\"4423\"><strong data-start=\"4397\" data-end=\"4423\">Overv\u00e5gning og kontrol<\/strong><\/h3>\n<p data-start=\"4425\" data-end=\"4500\">Danmark og andre EU-lande overv\u00e5ger opioidordinationer for at identificere:<\/p>\n<ul data-start=\"4502\" data-end=\"4593\">\n<li data-start=\"4502\" data-end=\"4524\">\n<p data-start=\"4504\" data-end=\"4524\">Ordinationsm\u00f8nstre<\/p>\n<\/li>\n<li data-start=\"4525\" data-end=\"4544\">\n<p data-start=\"4527\" data-end=\"4544\">Tegn p\u00e5 misbrug<\/p>\n<\/li>\n<li data-start=\"4545\" data-end=\"4593\">\n<p data-start=\"4547\" data-end=\"4593\">Tendenser i behandlingsrelateret afh\u00e6ngighed<\/p>\n<\/li>\n<\/ul>\n<p data-start=\"4595\" data-end=\"4699\">Folkesundhedsstrategier har til form\u00e5l at balancere legitim medicinsk anvendelse med risikoforebyggelse.<\/p>\n<hr data-start=\"4701\" data-end=\"4704\" \/>\n<h3 data-start=\"4706\" data-end=\"4743\"><strong data-start=\"4710\" data-end=\"4743\">Uddannelse og skadesreduktion<\/strong><\/h3>\n<p data-start=\"4745\" data-end=\"4814\">L\u00e6ger og farmaceuter spiller en central rolle i patientuddannelse om:<\/p>\n<ul data-start=\"4816\" data-end=\"4946\">\n<li data-start=\"4816\" data-end=\"4848\">\n<p data-start=\"4818\" data-end=\"4848\">Korrekt og sikker anvendelse<\/p>\n<\/li>\n<li data-start=\"4849\" data-end=\"4914\">\n<p data-start=\"4851\" data-end=\"4914\">Risikoen ved kombination med alkohol eller beroligende midler<\/p>\n<\/li>\n<li data-start=\"4915\" data-end=\"4946\">\n<p data-start=\"4917\" data-end=\"4946\">Tidlige tegn p\u00e5 afh\u00e6ngighed<\/p>\n<\/li>\n<\/ul>\n<hr data-start=\"4948\" data-end=\"4951\" \/>\n<h2 data-start=\"4953\" data-end=\"4993\"><strong data-start=\"4956\" data-end=\"4993\">Forskning og klinisk unders\u00f8gelse<\/strong><\/h2>\n<h3 data-start=\"4995\" data-end=\"5017\"><strong data-start=\"4999\" data-end=\"5017\">Farmakogenomik<\/strong><\/h3>\n<p data-start=\"5019\" data-end=\"5105\">Forskning i <strong data-start=\"5031\" data-end=\"5053\">CYP2D6-genotypning<\/strong> unders\u00f8ger, hvordan genetiske variationer p\u00e5virker:<\/p>\n<ul data-start=\"5107\" data-end=\"5199\">\n<li data-start=\"5107\" data-end=\"5133\">\n<p data-start=\"5109\" data-end=\"5133\">Smertelindrende effekt<\/p>\n<\/li>\n<li data-start=\"5134\" data-end=\"5161\">\n<p data-start=\"5136\" data-end=\"5161\">Risiko for bivirkninger<\/p>\n<\/li>\n<li data-start=\"5162\" data-end=\"5199\">\n<p data-start=\"5164\" data-end=\"5199\">Muligheden for personlig dosering<\/p>\n<\/li>\n<\/ul>\n<p data-start=\"5201\" data-end=\"5257\">Disse studier bidrager til mere sikker opioidordination.<\/p>\n<hr data-start=\"5259\" data-end=\"5262\" \/>\n<h3 data-start=\"5264\" data-end=\"5293\"><strong data-start=\"5268\" data-end=\"5293\">Analytisk toksikologi<\/strong><\/h3>\n<p data-start=\"5295\" data-end=\"5367\">Inden for retsmedicinsk og klinisk toksikologi fokuserer forskningen p\u00e5:<\/p>\n<ul data-start=\"5369\" data-end=\"5571\">\n<li data-start=\"5369\" data-end=\"5433\">\n<p data-start=\"5371\" data-end=\"5433\">P\u00e5visning af kodein og dets metabolitter i biologiske pr\u00f8ver<\/p>\n<\/li>\n<li data-start=\"5434\" data-end=\"5504\">\n<p data-start=\"5436\" data-end=\"5504\">Adskillelse af kodein fra andre opioider i toksikologiske analyser<\/p>\n<\/li>\n<li data-start=\"5505\" data-end=\"5571\">\n<p data-start=\"5507\" data-end=\"5571\">Fastl\u00e6ggelse af referenceintervaller for plasmakoncentrationer<\/p>\n<\/li>\n<\/ul>\n<p data-start=\"5573\" data-end=\"5605\">Anvendte metoder omfatter bl.a.:<\/p>\n<ul data-start=\"5607\" data-end=\"5720\">\n<li data-start=\"5607\" data-end=\"5679\">\n<p data-start=\"5609\" data-end=\"5679\"><strong data-start=\"5609\" data-end=\"5677\">LC-MS\/MS (v\u00e6skekromatografi koblet med tandem-massespektrometri)<\/strong><\/p>\n<\/li>\n<li data-start=\"5680\" data-end=\"5720\">\n<p data-start=\"5682\" data-end=\"5720\"><strong data-start=\"5682\" data-end=\"5718\">H\u00f8jtryksv\u00e6skekromatografi (HPLC)<\/strong><\/p>\n<\/li>\n<\/ul>\n<p data-start=\"5722\" data-end=\"5803\">Disse analyser er afg\u00f8rende for patientsikkerhed og retsmedicinske unders\u00f8gelser.<\/p>\n<p data-start=\"5722\" data-end=\"5803\"><img decoding=\"async\" class=\"alignright\" src=\"https:\/\/alubrightpharma.com\/wp-content\/uploads\/2025\/11\/Promethazine-with-codeine-1-4093439792-300x300.jpg\" alt=\"kodeinsirup klinisk anvendelse Danmark, kodein farmakologi og metabolisme, kodein regulering i EU, opioid sikkerhed og bivirkninger, kodein CYP2D6 farmakogenomik, kodein folkesundhedsforskning, kodeinsirup farmakovigilans Danmark, risici ved afh\u00e6ngighed af opioid hostesirup\" width=\"41\" height=\"41\" \/><\/p>\n<hr data-start=\"5805\" data-end=\"5808\" \/>\n<h3 data-start=\"5810\" data-end=\"5849\"><strong data-start=\"5814\" data-end=\"5849\">Folkesundhedsm\u00e6ssige resultater<\/strong><\/h3>\n<p data-start=\"5851\" data-end=\"5887\">Epidemiologisk forskning analyserer:<\/p>\n<ul data-start=\"5889\" data-end=\"5988\">\n<li data-start=\"5889\" data-end=\"5921\">\n<p data-start=\"5891\" data-end=\"5921\">Tendenser i opioidordination<\/p>\n<\/li>\n<li data-start=\"5922\" data-end=\"5951\">\n<p data-start=\"5924\" data-end=\"5951\">Forekomst af bivirkninger<\/p>\n<\/li>\n<li data-start=\"5952\" data-end=\"5988\">\n<p data-start=\"5954\" data-end=\"5988\">Effekten af regulatoriske tiltag<\/p>\n<\/li>\n<\/ul>\n<p data-start=\"5990\" data-end=\"6068\">Resultaterne anvendes til at forme sundhedspolitik og kliniske retningslinjer.<\/p>\n<p><iframe title=\"What Is Lean? Learn More About Cough Syrup Abuse\" width=\"500\" height=\"281\" src=\"https:\/\/www.youtube.com\/embed\/kvXiwSkcgZs?feature=oembed\" frameborder=\"0\" allow=\"accelerometer; autoplay; clipboard-write; encrypted-media; gyroscope; picture-in-picture; web-share\" referrerpolicy=\"strict-origin-when-cross-origin\" allowfullscreen><\/iframe><\/p>\n<p>K\u00f8b Kodeinsirup, K\u00f8b Kodeinsirup, K\u00f8b Kodeinsirup, K\u00f8b Kodeinsirup, K\u00f8b Kodeinsirup, K\u00f8b Kodeinsirup, K\u00f8b Kodeinsirup<\/p>\n<hr data-start=\"10911\" data-end=\"10914\" \/>\n<p data-start=\"11386\" data-end=\"11545\">\n<\/div>","protected":false},"excerpt":{"rendered":"<div class=\"prose dark:prose-invert inline leading-relaxed break-words min-w-0 [word-break:break-word] prose-strong:font-medium [&amp;_&gt;*:first-child]:mt-0\">\n<p class=\"my-2 [&amp;+p]:mt-4 [&amp;_strong:has(+br)]:inline-block [&amp;_strong:has(+br)]:pb-2\">K\u00f8b kodeinsirup i Danmark, med fokus p\u00e5 farmakologi, metabolisme, klinisk anvendelse, sikkerhed, regulatoriske rammer, folkesundhedsm\u00e6ssige indsigter samt forskningsperspektiver for klinikere og forskere. <em data-start=\"234\" data-end=\"731\" data-is-last-node=\"\" data-is-only-node=\"\">(<\/em>K\u00f8benhavn, Aarhus, Odense, Aalborg, Frederiksberg, Esbjerg, Randers, Kolding, Horsens, Vejle, Roskilde, Hvidovre, Herning, Greve, H\u00f8rsholm, Silkeborg, N\u00e6stved, Fredericia, Viborg, Charlottenlund, Ballerup, Vanl\u00f8se, K\u00f8ge, Holstebro, Helsing\u00f8r, Taastrup, Slagelse, Hiller\u00f8d, R\u00f8dovre, Albertslund, Svendborg, S\u00f8nderborg, Hj\u00f8rring, Holb\u00e6k, Frederikshavn, N\u00f8rresundby, Haderslev, Skive, Glostrup, Ringsted, Stenl\u00f8se, Ish\u00f8j, Birker\u00f8d, Farum, Nyk\u00f8bing Falster, Aabenraa, Kalundborg, Nyborg, Liller\u00f8d<em data-start=\"234\" data-end=\"731\" data-is-last-node=\"\" data-is-only-node=\"\">).<\/em><\/p>\n<\/div>\n","protected":false},"featured_media":16050,"comment_status":"open","ping_status":"closed","template":"","meta":[],"product_brand":[],"product_cat":[74],"product_tag":[1188,1185,1189,1186,1190,1184,1187,1191],"class_list":{"0":"post-15779","1":"product","2":"type-product","3":"status-publish","4":"has-post-thumbnail","6":"product_cat-danmark-apotek","7":"product_tag-kodein-cyp2d6-farmakogenomik","8":"product_tag-kodein-farmakologi-og-metabolisme","9":"product_tag-kodein-folkesundhedsforskning","10":"product_tag-kodein-regulering-i-eu","11":"product_tag-kodeinsirup-farmakovigilans-danmark","12":"product_tag-kodeinsirup-klinisk-anvendelse-danmark","13":"product_tag-opioid-sikkerhed-og-bivirkninger","14":"product_tag-risici-ved-afhaengighed-af-opioid-hostesirup","16":"first","17":"instock","18":"sale","19":"shipping-taxable","20":"purchasable","21":"product-type-variable"},"_links":{"self":[{"href":"https:\/\/alubrightpharma.com\/sv\/wp-json\/wp\/v2\/product\/15779","targetHints":{"allow":["GET"]}}],"collection":[{"href":"https:\/\/alubrightpharma.com\/sv\/wp-json\/wp\/v2\/product"}],"about":[{"href":"https:\/\/alubrightpharma.com\/sv\/wp-json\/wp\/v2\/types\/product"}],"replies":[{"embeddable":true,"href":"https:\/\/alubrightpharma.com\/sv\/wp-json\/wp\/v2\/comments?post=15779"}],"version-history":[{"count":4,"href":"https:\/\/alubrightpharma.com\/sv\/wp-json\/wp\/v2\/product\/15779\/revisions"}],"predecessor-version":[{"id":16049,"href":"https:\/\/alubrightpharma.com\/sv\/wp-json\/wp\/v2\/product\/15779\/revisions\/16049"}],"wp:featuredmedia":[{"embeddable":true,"href":"https:\/\/alubrightpharma.com\/sv\/wp-json\/wp\/v2\/media\/16050"}],"wp:attachment":[{"href":"https:\/\/alubrightpharma.com\/sv\/wp-json\/wp\/v2\/media?parent=15779"}],"wp:term":[{"taxonomy":"product_brand","embeddable":true,"href":"https:\/\/alubrightpharma.com\/sv\/wp-json\/wp\/v2\/product_brand?post=15779"},{"taxonomy":"product_cat","embeddable":true,"href":"https:\/\/alubrightpharma.com\/sv\/wp-json\/wp\/v2\/product_cat?post=15779"},{"taxonomy":"product_tag","embeddable":true,"href":"https:\/\/alubrightpharma.com\/sv\/wp-json\/wp\/v2\/product_tag?post=15779"}],"curies":[{"name":"wp","href":"https:\/\/api.w.org\/{rel}","templated":true}]}}