{"id":15865,"date":"2025-12-02T06:12:47","date_gmt":"2025-12-02T06:12:47","guid":{"rendered":"https:\/\/alubrightpharma.com\/?post_type=product&#038;p=15865"},"modified":"2026-04-02T23:08:38","modified_gmt":"2026-04-02T23:08:38","slug":"kjope-stilnoct-online-norge","status":"publish","type":"product","link":"https:\/\/alubrightpharma.com\/sv\/product\/kjope-stilnoct-online-norge\/","title":{"rendered":"Kj\u00f8pe Stilnoct"},"content":{"rendered":"<h2 class=\"font_2 wixui-rich-text__text\" style=\"text-align: center;\"><a href=\"https:\/\/alubrightpharma.com\/sv\/product\/kjope-stilnoct-online-norge\/\"><span class=\"wixui-rich-text__text\">Kj\u00f8pe Stilnoct Til salgs online i Norge Oversikt<\/span><\/a><\/h2>\n<div id=\"comp-kagvhslb\" class=\"Z_l5lU MMl86N zQ9jDz qvSjx3 Vq6kJx comp-kagvhslb wixui-rich-text\" data-testid=\"richTextElement\">\n<p data-start=\"95\" data-end=\"403\"><strong data-start=\"95\" data-end=\"107\">Stilnoct<\/strong> er et reseptbelagt legemiddel som brukes til \u00e5 behandle <strong data-start=\"164\" data-end=\"178\">s\u00f8vnl\u00f8shet<\/strong>, spesielt i tilfeller med problemer med \u00e5 sovne eller kortvarige s\u00f8vnforstyrrelser. Det inneholder <strong data-start=\"278\" data-end=\"290\">zolpidem<\/strong>, et ikke-benzodiazepin hypnotikum i Z-legemiddelklassen, som virker p\u00e5 sentralnervesystemet for \u00e5 fremme s\u00f8vn.<\/p>\n<hr data-start=\"405\" data-end=\"408\" \/>\n<h2 data-start=\"410\" data-end=\"429\">Hva er Stilnoct?<\/h2>\n<p data-start=\"431\" data-end=\"774\">Stilnoct er et <strong data-start=\"446\" data-end=\"477\">korttidsvirkende hypnotikum<\/strong> utviklet for \u00e5 hjelpe pasienter med \u00e5 sovne raskere. Den aktive ingrediensen, zolpidem, binder seg selektivt til <strong data-start=\"591\" data-end=\"620\">GABA-A-reseptorkomplekser<\/strong>, og forsterker den hemmende nevrotransmisjonen av gamma-aminosm\u00f8rsyre (GABA) i hjernen. Denne virkningen f\u00f8rer til sedasjon og redusert innsovningstid.<\/p>\n<p data-start=\"776\" data-end=\"1035\">I motsetning til tradisjonelle benzodiazepiner, er zolpidem <strong data-start=\"836\" data-end=\"894\">h\u00f8yst selektivt for \u03b11-subenheten av GABA-A-reseptoren<\/strong>, som prim\u00e6rt regulerer s\u00f8vn. Dette reduserer risikoen for muskelavslapning og angstdempende effekter som er forbundet med andre hypnotika<a href=\"https:\/\/youtu.be\/_msLHvNuvRM\" target=\"_blank\" rel=\"noopener\">.<\/a><\/p>\n<p data-start=\"776\" data-end=\"1035\"><img decoding=\"async\" class=\"alignright\" src=\"https:\/\/alubrightpharma.com\/wp-content\/uploads\/2025\/11\/artworks-000540878409-rutufe-t500x500-300x300.jpg\" alt=\"K\u00f8b Stilnoct i Danmark, Stilnoct Danmark, Stilnoct online Danmark, Stilnoct k\u00f8b Danmark, Stilnoct tabletter Danmark, Stilnoct receptpligtig Danmark, Stilnoct hypnotikum Danmark, Stilnoct s\u00f8vnl\u00f8shed Danmark, Stilnoct korttidsbrug Danmark, Stilnoct zolpidem Danmark, Stilnoct farmakologi Danmark, Stilnoct metabolisme Danmark, Stilnoct klinisk anvendelse Danmark, Stilnoct sikkerhed Danmark, Stilnoct bivirkninger Danmark, Stilnoct dosering Danmark, Stilnoct CYP3A4 Danmark, Stilnoct pharmakokinetik Danmark, Stilnoct tolerabilitet Danmark, Stilnoct afh\u00e6ngighed Danmark, Stilnoct misbrugsrisiko Danmark, Stilnoct regulering Danmark, Stilnoct folkesundhed Danmark, Stilnoct forskningsperspektiver Danmark, Stilnoct hospital brug Danmark, Stilnoct lovligt k\u00f8b Danmark, K\u00f8b zolpidem lovligt Danmark, Stilnoct online apotek Danmark, Stilnoct evidensbaseret behandling Danmark, Stilnoct kliniske studier Danmark, Stilnoct sikker s\u00f8vnbehandling Danmark, Stilnoct risiko reduktion Danmark\" width=\"60\" height=\"60\" \/><\/p>\n<hr data-start=\"1037\" data-end=\"1040\" \/>\n<h2 data-start=\"1042\" data-end=\"1070\">Formuleringer og dosering<\/h2>\n<p data-start=\"1072\" data-end=\"1119\">I Norge er Stilnoct vanligvis tilgjengelig som:<\/p>\n<ul data-start=\"1121\" data-end=\"1239\">\n<li data-start=\"1121\" data-end=\"1161\">\n<p data-start=\"1123\" data-end=\"1161\"><strong data-start=\"1123\" data-end=\"1159\">Stilnoct 5 mg og 10 mg tabletter<\/strong><\/p>\n<\/li>\n<li data-start=\"1162\" data-end=\"1239\">\n<p data-start=\"1164\" data-end=\"1239\"><strong data-start=\"1164\" data-end=\"1191\">Reseptbelagt legemiddel<\/strong>, som m\u00e5 tas under streng medisinsk oppf\u00f8lging<\/p>\n<\/li>\n<\/ul>\n<p data-start=\"1241\" data-end=\"1379\">Det anbefales vanligvis for <strong data-start=\"1269\" data-end=\"1285\">korttidsbruk<\/strong>, vanligvis 2\u20134 uker, p\u00e5 grunn av risikoen for toleranse, avhengighet og rebound-s\u00f8vnl\u00f8shet.<\/p>\n<p data-start=\"1381\" data-end=\"1421\">Spesiell forsiktighet b\u00f8r utvises hos:<\/p>\n<ul data-start=\"1423\" data-end=\"1517\">\n<li data-start=\"1423\" data-end=\"1442\">\n<p data-start=\"1425\" data-end=\"1442\">Eldre pasienter<\/p>\n<\/li>\n<li data-start=\"1443\" data-end=\"1471\">\n<p data-start=\"1445\" data-end=\"1471\">Pasienter med leverskade<\/p>\n<\/li>\n<li data-start=\"1472\" data-end=\"1517\">\n<p data-start=\"1474\" data-end=\"1517\">Personer med tidligere rusmiddelproblemer<\/p>\n<\/li>\n<\/ul>\n<hr data-start=\"1519\" data-end=\"1522\" \/>\n<h2 data-start=\"1524\" data-end=\"1553\">Medisinsk bruk av Stilnoct<\/h2>\n<p data-start=\"1555\" data-end=\"1695\">Stilnoct er indikert for behandling av <strong data-start=\"1594\" data-end=\"1649\">s\u00f8vnl\u00f8shet karakterisert ved vansker med innsovning<\/strong>. Spesifikke kliniske bruksomr\u00e5der inkluderer:<\/p>\n<ul data-start=\"1697\" data-end=\"1971\">\n<li data-start=\"1697\" data-end=\"1767\">\n<p data-start=\"1699\" data-end=\"1767\">Kortvarig s\u00f8vnl\u00f8shet assosiert med stress eller livsstilsendringer<\/p>\n<\/li>\n<li data-start=\"1768\" data-end=\"1883\">\n<p data-start=\"1770\" data-end=\"1883\">S\u00f8vnforstyrrelser i medisinske eller psykiatriske tilstander, n\u00e5r ikke-farmakologiske tiltak er utilstrekkelige<\/p>\n<\/li>\n<li data-start=\"1884\" data-end=\"1971\">\n<p data-start=\"1886\" data-end=\"1971\">Situasjonsbetinget s\u00f8vnl\u00f8shet, som jetlag eller skiftarbeid-relaterte s\u00f8vnproblemer<\/p>\n<\/li>\n<\/ul>\n<hr data-start=\"1973\" data-end=\"1976\" \/>\n<h2 data-start=\"1978\" data-end=\"1999\">Virkningsmekanisme<\/h2>\n<h3 data-start=\"2001\" data-end=\"2025\">Zolpidem-komponenten<\/h3>\n<p data-start=\"2027\" data-end=\"2237\">Zolpidem virker ved \u00e5 binde seg til <strong data-start=\"2063\" data-end=\"2084\">GABA-A-reseptorer<\/strong>, som er ligandstyrte kloridkanaler. Aktivering av disse reseptorene forsterker hemmende nevrotransmisjon, noe som f\u00f8rer til sedasjon og s\u00f8vninduksjon.<\/p>\n<p data-start=\"2239\" data-end=\"2281\">Viktige farmakologiske punkter inkluderer:<\/p>\n<ul data-start=\"2283\" data-end=\"2493\">\n<li data-start=\"2283\" data-end=\"2336\">\n<p data-start=\"2285\" data-end=\"2336\"><strong data-start=\"2285\" data-end=\"2302\">Rask virkning<\/strong>: vanligvis innen 15\u201330 minutter<\/p>\n<\/li>\n<li data-start=\"2337\" data-end=\"2413\">\n<p data-start=\"2339\" data-end=\"2413\"><strong data-start=\"2339\" data-end=\"2361\">Kort halveringstid<\/strong>: ca. 2\u20133 timer, noe som reduserer morgen-sedasjon<\/p>\n<\/li>\n<li data-start=\"2414\" data-end=\"2493\">\n<p data-start=\"2416\" data-end=\"2493\"><strong data-start=\"2416\" data-end=\"2452\">Minimal effekt p\u00e5 s\u00f8vnarkitektur<\/strong>, og bevarer dyp s\u00f8vn (slow-wave sleep)<\/p>\n<\/li>\n<\/ul>\n<h3 data-start=\"2495\" data-end=\"2514\">Farmakokinetikk<\/h3>\n<ul data-start=\"2516\" data-end=\"2709\">\n<li data-start=\"2516\" data-end=\"2604\">\n<p data-start=\"2518\" data-end=\"2604\"><strong data-start=\"2518\" data-end=\"2532\">Absorpsjon<\/strong>: rask oral absorpsjon; maksimal plasmakonsentrasjon innen 1,5\u20132 timer<\/p>\n<\/li>\n<li data-start=\"2605\" data-end=\"2669\">\n<p data-start=\"2607\" data-end=\"2669\"><strong data-start=\"2607\" data-end=\"2622\">Metabolisme<\/strong>: omfattende metabolisme i leveren via CYP3A4<\/p>\n<\/li>\n<li data-start=\"2670\" data-end=\"2709\">\n<p data-start=\"2672\" data-end=\"2709\"><strong data-start=\"2672\" data-end=\"2687\">Utskillelse<\/strong>: prim\u00e6rt via nyrene<\/p>\n<\/li>\n<\/ul>\n<p data-start=\"2711\" data-end=\"2815\">Individuell respons kan variere avhengig av alder, leverfunksjon og samtidig bruk av andre legemidler<a href=\"https:\/\/youtu.be\/_msLHvNuvRM\" target=\"_blank\" rel=\"noopener\">.<\/a><\/p>\n<p data-start=\"2711\" data-end=\"2815\"><img decoding=\"async\" class=\"alignright\" src=\"https:\/\/alubrightpharma.com\/wp-content\/uploads\/2025\/11\/artworks-000540878409-rutufe-t500x500-300x300.jpg\" alt=\"K\u00f8b Stilnoct i Danmark, Stilnoct Danmark, Stilnoct online Danmark, Stilnoct k\u00f8b Danmark, Stilnoct tabletter Danmark, Stilnoct receptpligtig Danmark, Stilnoct hypnotikum Danmark, Stilnoct s\u00f8vnl\u00f8shed Danmark, Stilnoct korttidsbrug Danmark, Stilnoct zolpidem Danmark, Stilnoct farmakologi Danmark, Stilnoct metabolisme Danmark, Stilnoct klinisk anvendelse Danmark, Stilnoct sikkerhed Danmark, Stilnoct bivirkninger Danmark, Stilnoct dosering Danmark, Stilnoct CYP3A4 Danmark, Stilnoct pharmakokinetik Danmark, Stilnoct tolerabilitet Danmark, Stilnoct afh\u00e6ngighed Danmark, Stilnoct misbrugsrisiko Danmark, Stilnoct regulering Danmark, Stilnoct folkesundhed Danmark, Stilnoct forskningsperspektiver Danmark, Stilnoct hospital brug Danmark, Stilnoct lovligt k\u00f8b Danmark, K\u00f8b zolpidem lovligt Danmark, Stilnoct online apotek Danmark, Stilnoct evidensbaseret behandling Danmark, Stilnoct kliniske studier Danmark, Stilnoct sikker s\u00f8vnbehandling Danmark, Stilnoct risiko reduktion Danmark\" width=\"57\" height=\"57\" \/><\/p>\n<hr data-start=\"2817\" data-end=\"2820\" \/>\n<h2 data-start=\"2822\" data-end=\"2856\">Forskningstrender og folkehelse<\/h2>\n<h3 data-start=\"2858\" data-end=\"2883\">Hypnotikabruk i Norge<\/h3>\n<ul data-start=\"2885\" data-end=\"3177\">\n<li data-start=\"2885\" data-end=\"2976\">\n<p data-start=\"2887\" data-end=\"2976\">Korttidsbruk av Z-legemidler som zolpidem er fortsatt vanlig i behandling av s\u00f8vnl\u00f8shet<\/p>\n<\/li>\n<li data-start=\"2977\" data-end=\"3075\">\n<p data-start=\"2979\" data-end=\"3075\">\u00d8kt bevissthet om bivirkninger og avhengighetsrisiko har f\u00f8rt til mer konservativ forskrivning<\/p>\n<\/li>\n<li data-start=\"3076\" data-end=\"3177\">\n<p data-start=\"3078\" data-end=\"3177\">Folkehelsekampanjer fokuserer p\u00e5 <strong data-start=\"3111\" data-end=\"3162\">sikker bruk, overv\u00e5king og forsvarlig kassering<\/strong> av hypnotika<\/p>\n<\/li>\n<\/ul>\n<h3 data-start=\"3179\" data-end=\"3199\">Kliniske studier<\/h3>\n<ul data-start=\"3201\" data-end=\"3508\">\n<li data-start=\"3201\" data-end=\"3292\">\n<p data-start=\"3203\" data-end=\"3292\">Studier st\u00f8tter zolpidem som effektivt for <strong data-start=\"3246\" data-end=\"3290\">korttidsbehandling av innsovningsvansker<\/strong><\/p>\n<\/li>\n<li data-start=\"3293\" data-end=\"3412\">\n<p data-start=\"3295\" data-end=\"3412\">Forskning fremhever <strong data-start=\"3315\" data-end=\"3362\">alderrelaterte farmakokinetiske forskjeller<\/strong> og betydningen for dosering hos eldre pasienter<\/p>\n<\/li>\n<li data-start=\"3413\" data-end=\"3508\">\n<p data-start=\"3415\" data-end=\"3508\">Observasjonsstudier f\u00f8lger forskrivningsm\u00f8nstre, bivirkninger og langsiktige utfall i Norge<\/p>\n<\/li>\n<\/ul>\n<hr data-start=\"3510\" data-end=\"3513\" \/>\n<h2 data-start=\"3515\" data-end=\"3528\">Konklusjon<\/h2>\n<p data-start=\"3530\" data-end=\"3683\"><strong data-start=\"3530\" data-end=\"3561\">Stilnoct (zolpidem) i Norge<\/strong> er en sv\u00e6rt effektiv korttidsbehandling for innsovningsproblemer n\u00e5r ikke-farmakologiske tiltak ikke er tilstrekkelige.<\/p>\n<p data-start=\"3685\" data-end=\"3857\">For forskere og helsepersonell er det viktig \u00e5 forst\u00e5 <strong data-start=\"3739\" data-end=\"3798\">farmakologi, regulatoriske rammer og folkehelseaspekter<\/strong> av Stilnoct for \u00e5 sikre evidensbasert og ansvarlig bruk.<\/p>\n<p data-start=\"3859\" data-end=\"4078\">P\u00e5 <strong data-start=\"3862\" data-end=\"3885\">alubrightpharma.com<\/strong> tilbyr vi <strong data-start=\"3896\" data-end=\"3977\">forskningsorientert innsikt, klinisk informasjon og veiledning om sikker bruk<\/strong> av hypnotika i Norge, og st\u00f8tter informert beslutningstaking for b\u00e5de helsepersonell og pasienter.<\/p>\n<p style=\"text-align: center;\" data-start=\"3859\" data-end=\"4078\">Kj\u00f8pe Stilnoct, Kj\u00f8pe Stilnoct, Kj\u00f8pe Stilnoct, Kj\u00f8pe Stilnoct, Kj\u00f8pe Stilnoct, Kj\u00f8pe Stilnoct, Kj\u00f8pe Stilnoct<\/p>\n<p><iframe title=\"What is Stilnoct\/Zolpidem?\" width=\"500\" height=\"281\" src=\"https:\/\/www.youtube.com\/embed\/_msLHvNuvRM?feature=oembed\" frameborder=\"0\" allow=\"accelerometer; autoplay; clipboard-write; encrypted-media; gyroscope; picture-in-picture; web-share\" referrerpolicy=\"strict-origin-when-cross-origin\" allowfullscreen><\/iframe><\/p>\n<\/div>","protected":false},"excerpt":{"rendered":"<p><span class=\"wixui-rich-text__text\">Kj\u00f8pe Stilnoct Til salgs online i Norge (Oslo, Bergen, Trondheim, Stavanger, \u00c5lesund, Drammen, Troms\u00f8, Fredrikstad, Kristiansand, Sandnes, Bod\u00f8, Skien, Sarpsborg, Sandefjord, Haugesund, T\u00f8nsberg, Moss, Porsgrunn, Arendal, Hamar, Halden, Lillehammer, Molde, Harstad, Kongsberg, Gj\u00f8vik, Ask\u00f8y, Kristiansund, Narvik, H\u00f8nefoss, Larvik, Jessheim, Stavanger\/Sandnes (metro), Troms\u00f8 (metro), \u00c5lesund (metro), Drammen (metro), Porsgrunn\/Skien (metro), Stj\u00f8rdal, Orkanger, Steinkjer, Namsos, Mo i Rana, Mosj\u00f8en, Br\u00f8nn\u00f8ysund, Sandnessj\u00f8en, \u00d8rsta, Volda, Ulsteinvik, \u00c5heim)<\/span><\/p>","protected":false},"featured_media":16121,"comment_status":"open","ping_status":"closed","template":"","meta":[],"product_brand":[],"product_cat":[76],"product_tag":[1929,1940,1927,1932,1925,1931,1928,1923,1935,1914,1943,1926,1920,1939,1916,1941,1922,1936,1921,1918,1934,1942,1915,1937,1917,1924,1930,1933,1919,1938],"class_list":{"0":"post-15865","1":"product","2":"type-product","3":"status-publish","4":"has-post-thumbnail","6":"product_cat-norge-apotek","7":"product_tag-apotek-1-stilnoct","8":"product_tag-avhengighetsskapende-legemidler","9":"product_tag-bla-resept-stilnoct","10":"product_tag-boots-apotek-sovepiller","11":"product_tag-direktoratet-for-medisinske-produkter","12":"product_tag-farmasiet-stilnoct","13":"product_tag-hvit-resept-sovemedisin","14":"product_tag-innforsel-av-medisiner","15":"product_tag-kjope-sovetabletter-lovlig","16":"product_tag-kjope-stilnoct-i-norge","17":"product_tag-kjope-stilnoct-uten-resept-advarsel","18":"product_tag-legemiddelverket-stilnoct","19":"product_tag-reseptbelagt-sovemedisin","20":"product_tag-reseptgruppe-b","21":"product_tag-sovemedisin-pa-nett","22":"product_tag-sovnbehandling-fastlege","23":"product_tag-sovnloshet-behandling","24":"product_tag-sovnvansker-medisin","25":"product_tag-stilnoct-10-mg","26":"product_tag-stilnoct-apotek","27":"product_tag-stilnoct-bivirkninger","28":"product_tag-stilnoct-dosering","29":"product_tag-stilnoct-pa-resept","30":"product_tag-stilnoct-pakningsvedlegg","31":"product_tag-stilnoct-pris","32":"product_tag-tollregler-legemidler","33":"product_tag-vitusapotek-stilnoct","34":"product_tag-z-hypnotika-norge","35":"product_tag-zolpidem-norge","36":"product_tag-zolpidem-tartrat-norge","38":"first","39":"instock","40":"shipping-taxable","41":"purchasable","42":"product-type-variable"},"_links":{"self":[{"href":"https:\/\/alubrightpharma.com\/sv\/wp-json\/wp\/v2\/product\/15865","targetHints":{"allow":["GET"]}}],"collection":[{"href":"https:\/\/alubrightpharma.com\/sv\/wp-json\/wp\/v2\/product"}],"about":[{"href":"https:\/\/alubrightpharma.com\/sv\/wp-json\/wp\/v2\/types\/product"}],"replies":[{"embeddable":true,"href":"https:\/\/alubrightpharma.com\/sv\/wp-json\/wp\/v2\/comments?post=15865"}],"version-history":[{"count":3,"href":"https:\/\/alubrightpharma.com\/sv\/wp-json\/wp\/v2\/product\/15865\/revisions"}],"predecessor-version":[{"id":16122,"href":"https:\/\/alubrightpharma.com\/sv\/wp-json\/wp\/v2\/product\/15865\/revisions\/16122"}],"wp:featuredmedia":[{"embeddable":true,"href":"https:\/\/alubrightpharma.com\/sv\/wp-json\/wp\/v2\/media\/16121"}],"wp:attachment":[{"href":"https:\/\/alubrightpharma.com\/sv\/wp-json\/wp\/v2\/media?parent=15865"}],"wp:term":[{"taxonomy":"product_brand","embeddable":true,"href":"https:\/\/alubrightpharma.com\/sv\/wp-json\/wp\/v2\/product_brand?post=15865"},{"taxonomy":"product_cat","embeddable":true,"href":"https:\/\/alubrightpharma.com\/sv\/wp-json\/wp\/v2\/product_cat?post=15865"},{"taxonomy":"product_tag","embeddable":true,"href":"https:\/\/alubrightpharma.com\/sv\/wp-json\/wp\/v2\/product_tag?post=15865"}],"curies":[{"name":"wp","href":"https:\/\/api.w.org\/{rel}","templated":true}]}}