{"id":15878,"date":"2025-12-02T06:41:30","date_gmt":"2025-12-02T06:41:30","guid":{"rendered":"https:\/\/alubrightpharma.com\/?post_type=product&#038;p=15878"},"modified":"2026-04-02T23:56:43","modified_gmt":"2026-04-02T23:56:43","slug":"kjop-metadon-online-norge","status":"publish","type":"product","link":"https:\/\/alubrightpharma.com\/sv\/product\/kjop-metadon-online-norge\/","title":{"rendered":"Kj\u00f8p Metadon"},"content":{"rendered":"<h2 style=\"text-align: center;\"><a href=\"https:\/\/alubrightpharma.com\/sv\/product\/kjop-metadon-online-norge\/\"><span style=\"color: #1b1919; font-size: 28px; text-align: center;\">Kj\u00f8p Metadon Piller online i Norge Oversikt<\/span><\/a><\/h2>\n<div id=\"comp-kagx4s7r\" class=\"Z_l5lU MMl86N zQ9jDz qvSjx3 Vq6kJx comp-kagx4s7r wixui-rich-text\" data-testid=\"richTextElement\">\n<p data-start=\"105\" data-end=\"514\"><strong data-start=\"105\" data-end=\"116\">Metadon<\/strong> (kjemisk navn: 6-(dimetylamino)-4,4-difenylheptan-3-on) er en syntetisk \u00b5-opioidreseptoragonist, f\u00f8rst syntetisert i Tyskland p\u00e5 slutten av 1930-tallet. Opprinnelig utviklet som et alternativ til morfin, fikk metadon betydning p\u00e5 grunn av sin <strong data-start=\"360\" data-end=\"467\">lange halveringstid, gode orale biotilgjengelighet og reduserte euforiske effekter ved terapeutisk bruk<\/strong>. Disse egenskapene gj\u00f8r metadon verdifull for:<\/p>\n<ul data-start=\"516\" data-end=\"664\">\n<li data-start=\"516\" data-end=\"544\">\n<p data-start=\"518\" data-end=\"544\">Kronisk smertebehandling<\/p>\n<\/li>\n<li data-start=\"545\" data-end=\"607\">\n<p data-start=\"547\" data-end=\"607\"><strong data-start=\"547\" data-end=\"583\">Opioid-substitusjonsterapi (OST)<\/strong> for opioidavhengighet<\/p>\n<\/li>\n<li data-start=\"608\" data-end=\"664\">\n<p data-start=\"610\" data-end=\"664\">Analgetisk behandling i palliativ og terminal omsorg<\/p>\n<\/li>\n<\/ul>\n<p data-start=\"666\" data-end=\"831\">Metadon er <strong data-start=\"677\" data-end=\"701\">reseptbelagt i Norge<\/strong>, regulert av <strong data-start=\"715\" data-end=\"741\">Statens legemiddelverk<\/strong>, med strengt tilsyn for \u00e5 sikre pasientsikkerhet og forhindre misbruk eller omdirigering.<\/p>\n<p data-start=\"666\" data-end=\"831\"><img decoding=\"async\" class=\"alignright\" src=\"https:\/\/alubrightpharma.com\/wp-content\/uploads\/2025\/12\/151-3-1203824715-300x300.png\" width=\"67\" height=\"67\" \/><\/p>\n<hr data-start=\"833\" data-end=\"836\" \/>\n<h2 data-start=\"838\" data-end=\"861\">Farmakologisk profil<\/h2>\n<h3 data-start=\"863\" data-end=\"885\">Virkningsmekanisme<\/h3>\n<p data-start=\"887\" data-end=\"918\">Metadon virker prim\u00e6rt gjennom:<\/p>\n<ul data-start=\"920\" data-end=\"1213\">\n<li data-start=\"920\" data-end=\"992\">\n<p data-start=\"922\" data-end=\"992\"><strong data-start=\"922\" data-end=\"951\">\u00b5-opioidreseptoragonisme:<\/strong> Gir smertelindring, sedasjon og eufori<\/p>\n<\/li>\n<li data-start=\"993\" data-end=\"1083\">\n<p data-start=\"995\" data-end=\"1083\"><strong data-start=\"995\" data-end=\"1024\">NMDA-reseptorantagonisme:<\/strong> Reduserer utvikling av toleranse og neuropatiske smerter<\/p>\n<\/li>\n<li data-start=\"1084\" data-end=\"1213\">\n<p data-start=\"1086\" data-end=\"1213\"><strong data-start=\"1086\" data-end=\"1146\">Hemming av monoaminreopptak (serotonin og noradrenalin):<\/strong> Bidrar til stemningsstabilisering og ekstra analgetiske effekter<\/p>\n<\/li>\n<\/ul>\n<p data-start=\"1215\" data-end=\"1350\">Denne kombinasjonen gj\u00f8r metadon unikt blant opioider, med b\u00e5de <strong data-start=\"1279\" data-end=\"1349\">smertelindrende egenskaper og nytte i opioidvedlikeholdsprogrammer<\/strong><a href=\"https:\/\/youtu.be\/h85p2Cw2LVw\" target=\"_blank\" rel=\"noopener\">.<\/a><\/p>\n<hr data-start=\"1352\" data-end=\"1355\" \/>\n<h3 data-start=\"1357\" data-end=\"1376\">Farmakokinetikk<\/h3>\n<ul data-start=\"1378\" data-end=\"1687\">\n<li data-start=\"1378\" data-end=\"1436\">\n<p data-start=\"1380\" data-end=\"1436\"><strong data-start=\"1380\" data-end=\"1395\">Absorpsjon:<\/strong> H\u00f8y oral biotilgjengelighet (~70\u201380 %)<\/p>\n<\/li>\n<li data-start=\"1437\" data-end=\"1484\">\n<p data-start=\"1439\" data-end=\"1484\"><strong data-start=\"1439\" data-end=\"1458\">Virkningsstart:<\/strong> 30\u201360 minutter peroralt<\/p>\n<\/li>\n<li data-start=\"1485\" data-end=\"1558\">\n<p data-start=\"1487\" data-end=\"1558\"><strong data-start=\"1487\" data-end=\"1505\">Halveringstid:<\/strong> 8\u201359 timer (variabel pga. individuell metabolisme)<\/p>\n<\/li>\n<li data-start=\"1559\" data-end=\"1633\">\n<p data-start=\"1561\" data-end=\"1633\"><strong data-start=\"1561\" data-end=\"1577\">Metabolisme:<\/strong> Hepatisk, hovedsakelig via <strong data-start=\"1605\" data-end=\"1631\">CYP3A4, CYP2B6, CYP2D6<\/strong><\/p>\n<\/li>\n<li data-start=\"1634\" data-end=\"1687\">\n<p data-start=\"1636\" data-end=\"1687\"><strong data-start=\"1636\" data-end=\"1652\">Utskillelse:<\/strong> Prim\u00e6rt fecal, mindre via nyrene<\/p>\n<\/li>\n<\/ul>\n<p data-start=\"1689\" data-end=\"1850\">Den lange og variable halveringstiden krever <strong data-start=\"1734\" data-end=\"1761\">forsiktig dosetitrering<\/strong>, spesielt hos opioid-naive pasienter, for \u00e5 unng\u00e5 opphopning og respiratorisk depresjon.<\/p>\n<hr data-start=\"1852\" data-end=\"1855\" \/>\n<h3 data-start=\"1857\" data-end=\"1877\">N\u00f8kkelkjennetegn<\/h3>\n<div class=\"TyagGW_tableContainer\">\n<div class=\"group TyagGW_tableWrapper flex flex-col-reverse w-fit\" tabindex=\"-1\">\n<table class=\"w-fit min-w-(--thread-content-width)\" data-start=\"1879\" data-end=\"2340\">\n<thead data-start=\"1879\" data-end=\"1902\">\n<tr data-start=\"1879\" data-end=\"1902\">\n<th data-start=\"1879\" data-end=\"1888\" data-col-size=\"sm\">Aspekt<\/th>\n<th data-start=\"1888\" data-end=\"1902\" data-col-size=\"md\">Sammendrag<\/th>\n<\/tr>\n<\/thead>\n<tbody data-start=\"1926\" data-end=\"2340\">\n<tr data-start=\"1926\" data-end=\"1981\">\n<td data-start=\"1926\" data-end=\"1943\" data-col-size=\"sm\">Legemiddeltype<\/td>\n<td data-start=\"1943\" data-end=\"1981\" data-col-size=\"md\">Syntetisk opioid, langtidsvirkende<\/td>\n<\/tr>\n<tr data-start=\"1982\" data-end=\"2047\">\n<td data-start=\"1982\" data-end=\"2003\" data-col-size=\"sm\">Virkningsmekanisme<\/td>\n<td data-start=\"2003\" data-end=\"2047\" data-col-size=\"md\">\u00b5-opioidreseptoragonist, NMDA-antagonist<\/td>\n<\/tr>\n<tr data-start=\"2048\" data-end=\"2108\">\n<td data-start=\"2048\" data-end=\"2062\" data-col-size=\"sm\">Formulering<\/td>\n<td data-start=\"2062\" data-end=\"2108\" data-col-size=\"md\">Tabletter, flytende l\u00f8sninger, injeksjoner<\/td>\n<\/tr>\n<tr data-start=\"2109\" data-end=\"2189\">\n<td data-start=\"2109\" data-end=\"2128\" data-col-size=\"sm\">Terapeutisk bruk<\/td>\n<td data-start=\"2128\" data-end=\"2189\" data-col-size=\"md\">Kronisk smerte, opioid-substitusjon, palliativ behandling<\/td>\n<\/tr>\n<tr data-start=\"2190\" data-end=\"2249\">\n<td data-start=\"2190\" data-end=\"2218\" data-col-size=\"sm\">Virkningsstart &amp; varighet<\/td>\n<td data-col-size=\"md\" data-start=\"2218\" data-end=\"2249\">30\u201360 min, varighet 24\u201336 t<\/td>\n<\/tr>\n<tr data-start=\"2250\" data-end=\"2290\">\n<td data-start=\"2250\" data-end=\"2264\" data-col-size=\"sm\">Metabolisme<\/td>\n<td data-start=\"2264\" data-end=\"2290\" data-col-size=\"md\">Hepatisk (CYP-enzymer)<\/td>\n<\/tr>\n<tr data-start=\"2291\" data-end=\"2340\">\n<td data-start=\"2291\" data-end=\"2305\" data-col-size=\"sm\">Utskillelse<\/td>\n<td data-start=\"2305\" data-end=\"2340\" data-col-size=\"md\">Prim\u00e6rt fecal, mindre via nyrer<\/td>\n<\/tr>\n<\/tbody>\n<\/table>\n<\/div>\n<\/div>\n<hr data-start=\"2342\" data-end=\"2345\" \/>\n<h2 data-start=\"2347\" data-end=\"2366\">Sikkerhetsprofil<\/h2>\n<p data-start=\"2368\" data-end=\"2465\">Metadon har et <strong data-start=\"2383\" data-end=\"2424\">velkjent, men smalt terapeutisk vindu<\/strong>, noe som krever n\u00f8ye klinisk oppf\u00f8lging.<\/p>\n<h3 data-start=\"2467\" data-end=\"2491\">Vanlige bivirkninger<\/h3>\n<ul data-start=\"2493\" data-end=\"2591\">\n<li data-start=\"2493\" data-end=\"2517\">\n<p data-start=\"2495\" data-end=\"2517\">Sedasjon og d\u00f8sighet<\/p>\n<\/li>\n<li data-start=\"2518\" data-end=\"2539\">\n<p data-start=\"2520\" data-end=\"2539\">Kvalme og oppkast<\/p>\n<\/li>\n<li data-start=\"2540\" data-end=\"2556\">\n<p data-start=\"2542\" data-end=\"2556\">Forstoppelse<\/p>\n<\/li>\n<li data-start=\"2557\" data-end=\"2591\">\n<p data-start=\"2559\" data-end=\"2591\">Svimmelhet og mild hypotensjon<\/p>\n<\/li>\n<\/ul>\n<h3 data-start=\"2593\" data-end=\"2612\">Farmakogenetikk<\/h3>\n<p data-start=\"2614\" data-end=\"2719\">Metadon-metabolismen p\u00e5virkes av genetiske polymorfismer i <strong data-start=\"2673\" data-end=\"2701\">CYP2B6, CYP2D6 og CYP3A4<\/strong>, som kan p\u00e5virke:<\/p>\n<ul data-start=\"2721\" data-end=\"2838\">\n<li data-start=\"2721\" data-end=\"2763\">\n<p data-start=\"2723\" data-end=\"2763\">Plasmaniv\u00e5er og smertelindrende effekt<\/p>\n<\/li>\n<li data-start=\"2764\" data-end=\"2805\">\n<p data-start=\"2766\" data-end=\"2805\">Risiko for opphopning og bivirkninger<\/p>\n<\/li>\n<li data-start=\"2806\" data-end=\"2838\">\n<p data-start=\"2808\" data-end=\"2838\">Personlig tilpasset dosering<\/p>\n<\/li>\n<\/ul>\n<p data-start=\"2840\" data-end=\"2997\">Forskning p\u00e5 <strong data-start=\"2853\" data-end=\"2883\">farmakogenomikk av metadon<\/strong> bidrar til \u00e5 optimalisere behandling og \u00f8ke pasientsikkerheten, og er et n\u00f8kkelomr\u00e5de for farmas\u00f8ytiske forskere.<\/p>\n<p data-start=\"2840\" data-end=\"2997\"><img decoding=\"async\" class=\"alignright\" src=\"https:\/\/alubrightpharma.com\/wp-content\/uploads\/2025\/12\/151-3-1203824715-300x300.png\" width=\"56\" height=\"56\" \/><\/p>\n<hr data-start=\"2999\" data-end=\"3002\" \/>\n<h2 data-start=\"3004\" data-end=\"3025\">Forskningsrelevans<\/h2>\n<p data-start=\"3027\" data-end=\"3075\">Metadon er et verdifullt forskningsobjekt innen:<\/p>\n<ul data-start=\"3077\" data-end=\"3525\">\n<li data-start=\"3077\" data-end=\"3173\">\n<p data-start=\"3079\" data-end=\"3173\"><strong data-start=\"3079\" data-end=\"3101\">Opioidfarmakologi:<\/strong> Forst\u00e5else av langtidsvirkende opioider og NMDA-reseptorinteraksjoner<\/p>\n<\/li>\n<li data-start=\"3174\" data-end=\"3257\">\n<p data-start=\"3176\" data-end=\"3257\"><strong data-start=\"3176\" data-end=\"3204\">Klinisk farmakokinetikk:<\/strong> Dosetitrering, plasmaniv\u00e5variasjon og akkumulering<\/p>\n<\/li>\n<li data-start=\"3258\" data-end=\"3337\">\n<p data-start=\"3260\" data-end=\"3337\"><strong data-start=\"3260\" data-end=\"3280\">Farmakogenomikk:<\/strong> Personlig tilpasset terapi basert p\u00e5 CYP-polymorfismer<\/p>\n<\/li>\n<li data-start=\"3338\" data-end=\"3434\">\n<p data-start=\"3340\" data-end=\"3434\"><strong data-start=\"3340\" data-end=\"3367\">Regulatorisk vitenskap:<\/strong> Sammenligning av OST-rammeverk og kontrollert substansregulering<\/p>\n<\/li>\n<li data-start=\"3435\" data-end=\"3525\">\n<p data-start=\"3437\" data-end=\"3525\"><strong data-start=\"3437\" data-end=\"3461\">Folkehelseforskning:<\/strong> Resepttrender, skadereduksjonsstrategier og opioidforvaltning<\/p>\n<\/li>\n<\/ul>\n<p data-start=\"3527\" data-end=\"3769\">Akademiske studier refererer ofte til metadon i <strong data-start=\"3575\" data-end=\"3650\">opioidsikkerhetsforskning, klinisk smertebehandling og politikk-analyse<\/strong>. Dets doble rolle i smertelindring og avhengighetsbehandling gir et omfattende datagrunnlag for tverrfaglig forskning.<\/p>\n<hr data-start=\"3771\" data-end=\"3774\" \/>\n<h2 data-start=\"3776\" data-end=\"3810\">Etiske og politiske vurderinger<\/h2>\n<p data-start=\"3812\" data-end=\"3883\">Viktige problemstillinger for forskere og beslutningstakere inkluderer:<\/p>\n<ul data-start=\"3885\" data-end=\"4219\">\n<li data-start=\"3885\" data-end=\"3997\">\n<p data-start=\"3887\" data-end=\"3997\">Balansering av <strong data-start=\"3902\" data-end=\"3928\">tilgang til behandling<\/strong> for kronisk smerte og opioidavhengighet med forebygging av misbruk<\/p>\n<\/li>\n<li data-start=\"3998\" data-end=\"4073\">\n<p data-start=\"4000\" data-end=\"4073\">Standardisering av <strong data-start=\"4019\" data-end=\"4063\">OST-protokoller og oppf\u00f8lgingsprogrammer<\/strong> i Norge<\/p>\n<\/li>\n<li data-start=\"4074\" data-end=\"4135\">\n<p data-start=\"4076\" data-end=\"4135\">Etiske hensyn for <strong data-start=\"4094\" data-end=\"4133\">barn, eldre og palliative pasienter<\/strong><\/p>\n<\/li>\n<li data-start=\"4136\" data-end=\"4219\">\n<p data-start=\"4138\" data-end=\"4219\">Evaluering av <strong data-start=\"4152\" data-end=\"4191\">digital forskrivning og telemedisin<\/strong> for kontrollerte opioider<\/p>\n<\/li>\n<\/ul>\n<hr data-start=\"4221\" data-end=\"4224\" \/>\n<h2 data-start=\"4226\" data-end=\"4241\">Oppsummering<\/h2>\n<p data-start=\"4243\" data-end=\"4317\">Metadon er et <strong data-start=\"4257\" data-end=\"4294\">langtidsvirkende syntetisk opioid<\/strong> med bred anvendelse i:<\/p>\n<ul data-start=\"4319\" data-end=\"4411\">\n<li data-start=\"4319\" data-end=\"4355\">\n<p data-start=\"4321\" data-end=\"4355\">Kroniske og nevropatiske smerter<\/p>\n<\/li>\n<li data-start=\"4356\" data-end=\"4386\">\n<p data-start=\"4358\" data-end=\"4386\">Opioid-substitusjonsterapi<\/p>\n<\/li>\n<li data-start=\"4387\" data-end=\"4411\">\n<p data-start=\"4389\" data-end=\"4411\">Palliativ behandling<\/p>\n<\/li>\n<\/ul>\n<p data-start=\"4413\" data-end=\"4570\">Dets farmakologi, metabolisme, sikkerhetsprofil og regulatoriske tilsyn gj\u00f8r det til et viktig tema for <strong data-start=\"4517\" data-end=\"4569\">forskning, klinisk praksis og folkehelsepolitikk<\/strong>.<\/p>\n<div class=\"TyagGW_tableContainer\">\n<div class=\"group TyagGW_tableWrapper flex flex-col-reverse w-fit\" tabindex=\"-1\">\n<table class=\"w-fit min-w-(--thread-content-width)\" data-start=\"4572\" data-end=\"5030\">\n<thead data-start=\"4572\" data-end=\"4595\">\n<tr data-start=\"4572\" data-end=\"4595\">\n<th data-start=\"4572\" data-end=\"4581\" data-col-size=\"sm\">Aspekt<\/th>\n<th data-start=\"4581\" data-end=\"4595\" data-col-size=\"md\">Sammendrag<\/th>\n<\/tr>\n<\/thead>\n<tbody data-start=\"4619\" data-end=\"5030\">\n<tr data-start=\"4619\" data-end=\"4674\">\n<td data-start=\"4619\" data-end=\"4636\" data-col-size=\"sm\">Legemiddeltype<\/td>\n<td data-start=\"4636\" data-end=\"4674\" data-col-size=\"md\">Syntetisk opioid, langtidsvirkende<\/td>\n<\/tr>\n<tr data-start=\"4675\" data-end=\"4725\">\n<td data-start=\"4675\" data-end=\"4689\" data-col-size=\"sm\">Formulering<\/td>\n<td data-start=\"4689\" data-end=\"4725\" data-col-size=\"md\">Tabletter, flytende, injiserbart<\/td>\n<\/tr>\n<tr data-start=\"4726\" data-end=\"4791\">\n<td data-start=\"4726\" data-end=\"4747\" data-col-size=\"sm\">Virkningsmekanisme<\/td>\n<td data-start=\"4747\" data-end=\"4791\" data-col-size=\"md\">\u00b5-opioidreseptoragonist, NMDA-antagonist<\/td>\n<\/tr>\n<tr data-start=\"4792\" data-end=\"4854\">\n<td data-start=\"4792\" data-end=\"4809\" data-col-size=\"sm\">Medisinsk bruk<\/td>\n<td data-start=\"4809\" data-end=\"4854\" data-col-size=\"md\">Kronisk smerte, OST, palliativ behandling<\/td>\n<\/tr>\n<tr data-start=\"4855\" data-end=\"4940\">\n<td data-start=\"4855\" data-end=\"4874\" data-col-size=\"sm\">Sikkerhetsprofil<\/td>\n<td data-start=\"4874\" data-end=\"4940\" data-col-size=\"md\">Sedasjon, respiratorisk depresjon, QT-forlengelse, avhengighet<\/td>\n<\/tr>\n<tr data-start=\"4941\" data-end=\"5030\">\n<td data-start=\"4941\" data-end=\"4962\" data-col-size=\"sm\">Forskningsrelevans<\/td>\n<td data-start=\"4962\" data-end=\"5030\" data-col-size=\"md\">Farmakologi, farmakogenetikk, regulatorisk vitenskap, folkehelse<\/td>\n<\/tr>\n<\/tbody>\n<\/table>\n<p>Kj\u00f8p Metadon, Kj\u00f8p Metadon, Kj\u00f8p Metadon, Kj\u00f8p Metadon, Kj\u00f8p Metadon, Kj\u00f8p Metadon, Kj\u00f8p Metadon<\/p>\n<\/div>\n<p><iframe title=\"Methadone for Restless Legs Syndrome\" width=\"500\" height=\"375\" src=\"https:\/\/www.youtube.com\/embed\/h85p2Cw2LVw?feature=oembed\" frameborder=\"0\" allow=\"accelerometer; autoplay; clipboard-write; encrypted-media; gyroscope; picture-in-picture; web-share\" referrerpolicy=\"strict-origin-when-cross-origin\" allowfullscreen><\/iframe><\/p>\n<\/div>\n<p data-start=\"5037\" data-end=\"5218\">\n<\/div>","protected":false},"excerpt":{"rendered":"<p data-pm-slice=\"1 1 []\">Kj\u00f8p metadon Til salgs online i Norge (Oslo, Bergen, Trondheim, Stavanger, \u00c5lesund, Drammen, Troms\u00f8, Fredrikstad, Kristiansand, Sandnes, Bod\u00f8, Skien, Sarpsborg, Sandefjord, Haugesund, T\u00f8nsberg, Moss, Porsgrunn, Arendal, Hamar, Halden, Lillehammer, Molde, Harstad, Kongsberg, Gj\u00f8vik, Ask\u00f8y, Kristiansund, Narvik, H\u00f8nefoss, Larvik, Jessheim, Stavanger\/Sandnes (metro), Troms\u00f8 (metro), \u00c5lesund (metro), Drammen (metro), Porsgrunn\/Skien (metro), Stj\u00f8rdal, Orkanger, Steinkjer, Namsos, Mo i Rana, Mosj\u00f8en, Br\u00f8nn\u00f8ysund, Sandnessj\u00f8en, \u00d8rsta, Volda, Ulsteinvik, \u00c5heim)<\/p>\n<p>&nbsp;<\/p>\n<p style=\"text-align: center;\"><span style=\"color: #1b1919;\"><span style=\"font-size: 28px;\">\u00a0<\/span><\/span><\/p>","protected":false},"featured_media":16109,"comment_status":"open","ping_status":"closed","template":"","meta":[],"product_brand":[],"product_cat":[76],"product_tag":[1797,1798,1809,1808,1802,1812,1814,1822,1806,1804,1803,1816,1823,1810,1807,1813,1821,1818,1801,1811,1820,1824,1805,1817,1799,1815,1800,1819],"class_list":{"0":"post-15878","1":"product","2":"type-product","3":"status-publish","4":"has-post-thumbnail","6":"product_cat-norge-apotek","7":"product_tag-kjop-metadon-i-norge","8":"product_tag-kjope-metadon-online-norge","9":"product_tag-kontrollert-metadon-norge","10":"product_tag-lovlig-metadon-norge","11":"product_tag-metadon-apotek-norge","12":"product_tag-metadon-behandling-opioidavhengighet-norge","13":"product_tag-metadon-farmakologi","14":"product_tag-metadon-farmasoytisk-studie-norge","15":"product_tag-metadon-flytende-losning-norge","16":"product_tag-metadon-for-opioidbehandling-norge","17":"product_tag-metadon-for-smertebehandling-norge","18":"product_tag-metadon-forskningsdata","19":"product_tag-metadon-forskningsrelevans","20":"product_tag-metadon-forskrivning-norge","21":"product_tag-metadon-injeksjon-norge","22":"product_tag-metadon-klinisk-bruk-norge","23":"product_tag-metadon-kronisk-smerte-norge","24":"product_tag-metadon-legal-kjop-norge","25":"product_tag-metadon-levering-norge","26":"product_tag-metadon-medisinsk-bruk-norge","27":"product_tag-metadon-palliativ-omsorg-norge","28":"product_tag-metadon-pasientsikkerhet-norge","29":"product_tag-metadon-piller-norge","30":"product_tag-metadon-regulering-norge","31":"product_tag-metadon-resept-norge","32":"product_tag-metadon-sikkerhetsprofil","33":"product_tag-metadon-til-salgs-norge","34":"product_tag-metadon-tilgang-norge","36":"first","37":"instock","38":"shipping-taxable","39":"purchasable","40":"product-type-variable"},"_links":{"self":[{"href":"https:\/\/alubrightpharma.com\/sv\/wp-json\/wp\/v2\/product\/15878","targetHints":{"allow":["GET"]}}],"collection":[{"href":"https:\/\/alubrightpharma.com\/sv\/wp-json\/wp\/v2\/product"}],"about":[{"href":"https:\/\/alubrightpharma.com\/sv\/wp-json\/wp\/v2\/types\/product"}],"replies":[{"embeddable":true,"href":"https:\/\/alubrightpharma.com\/sv\/wp-json\/wp\/v2\/comments?post=15878"}],"version-history":[{"count":3,"href":"https:\/\/alubrightpharma.com\/sv\/wp-json\/wp\/v2\/product\/15878\/revisions"}],"predecessor-version":[{"id":16108,"href":"https:\/\/alubrightpharma.com\/sv\/wp-json\/wp\/v2\/product\/15878\/revisions\/16108"}],"wp:featuredmedia":[{"embeddable":true,"href":"https:\/\/alubrightpharma.com\/sv\/wp-json\/wp\/v2\/media\/16109"}],"wp:attachment":[{"href":"https:\/\/alubrightpharma.com\/sv\/wp-json\/wp\/v2\/media?parent=15878"}],"wp:term":[{"taxonomy":"product_brand","embeddable":true,"href":"https:\/\/alubrightpharma.com\/sv\/wp-json\/wp\/v2\/product_brand?post=15878"},{"taxonomy":"product_cat","embeddable":true,"href":"https:\/\/alubrightpharma.com\/sv\/wp-json\/wp\/v2\/product_cat?post=15878"},{"taxonomy":"product_tag","embeddable":true,"href":"https:\/\/alubrightpharma.com\/sv\/wp-json\/wp\/v2\/product_tag?post=15878"}],"curies":[{"name":"wp","href":"https:\/\/api.w.org\/{rel}","templated":true}]}}